{"id":61551,"date":"2022-07-13T05:15:44","date_gmt":"2022-07-13T05:15:44","guid":{"rendered":"https:\/\/prodiktion.com\/?page_id=61551"},"modified":"2023-06-19T03:50:47","modified_gmt":"2023-06-19T03:50:47","slug":"mobile-app","status":"publish","type":"page","link":"https:\/\/prodiktion.com\/fr\/mobile-app\/","title":{"rendered":"Application mobile"},"content":{"rendered":"<div data-elementor-type=\"wp-page\" data-elementor-id=\"61551\" class=\"elementor elementor-61551\">\n\t\t\t\t\t\t<section class=\"elementor-section elementor-top-section elementor-element elementor-element-42d30f25 elementor-section-boxed elementor-section-height-default elementor-section-height-default\" data-id=\"42d30f25\" data-element_type=\"section\" data-settings=\"{&quot;background_background&quot;:&quot;classic&quot;}\">\n\t\t\t\t\t\t<div class=\"elementor-container elementor-column-gap-wider\">\n\t\t\t\t\t<div class=\"elementor-column elementor-col-50 elementor-top-column elementor-element elementor-element-740b5449\" data-id=\"740b5449\" data-element_type=\"column\">\n\t\t\t<div class=\"elementor-widget-wrap elementor-element-populated\">\n\t\t\t\t\t\t<div class=\"elementor-element elementor-element-12beabed elementor-widget elementor-widget-text-editor\" data-id=\"12beabed\" data-element_type=\"widget\" data-widget_type=\"text-editor.default\">\n\t\t\t\t<div class=\"elementor-widget-container\">\n\t\t\t\t\t\t\t\t\t<p>Nos services<\/p>\t\t\t\t\t\t\t\t<\/div>\n\t\t\t\t<\/div>\n\t\t\t\t<div class=\"elementor-element elementor-element-3521f438 title-divider elementor-widget-divider--view-line elementor-widget elementor-widget-divider\" data-id=\"3521f438\" data-element_type=\"widget\" data-widget_type=\"divider.default\">\n\t\t\t\t<div class=\"elementor-widget-container\">\n\t\t\t\t\t\t\t<div class=\"elementor-divider\">\n\t\t\t<span class=\"elementor-divider-separator\">\n\t\t\t\t\t\t<\/span>\n\t\t<\/div>\n\t\t\t\t\t\t<\/div>\n\t\t\t\t<\/div>\n\t\t\t\t\t<\/div>\n\t\t<\/div>\n\t\t\t\t<div class=\"elementor-column elementor-col-50 elementor-top-column elementor-element elementor-element-64e67a7c\" data-id=\"64e67a7c\" data-element_type=\"column\">\n\t\t\t<div class=\"elementor-widget-wrap elementor-element-populated\">\n\t\t\t\t\t\t<div class=\"elementor-element elementor-element-142cce5a elementor-invisible elementor-widget elementor-widget-heading\" data-id=\"142cce5a\" data-element_type=\"widget\" data-settings=\"{&quot;_animation&quot;:&quot;fadeIn&quot;}\" data-widget_type=\"heading.default\">\n\t\t\t\t<div class=\"elementor-widget-container\">\n\t\t\t\t\t<h1 class=\"elementor-heading-title elementor-size-default translation-block\">application mobile.<\/h1>\t\t\t\t<\/div>\n\t\t\t\t<\/div>\n\t\t\t\t<div class=\"elementor-element elementor-element-278a3f1c elementor-invisible elementor-widget elementor-widget-text-editor\" data-id=\"278a3f1c\" data-element_type=\"widget\" data-settings=\"{&quot;_animation&quot;:&quot;fadeIn&quot;}\" data-widget_type=\"text-editor.default\">\n\t\t\t\t<div class=\"elementor-widget-container\">\n\t\t\t\t\t\t\t\t\t<p>Ce n'est un secret pour personne : le monde est devenu mobile. Nous vivons tous \u00e0 une \u00e9poque o\u00f9 nos smartphones sont \u00e0 port\u00e9e de main \u00e0 tout moment, de jour comme de nuit. Que font tous les utilisateurs de ces appareils ? Ils utilisent des applications mobiles. Les possibilit\u00e9s d'utilisation des applications mobiles sont apparemment infinies.<\/p>\t\t\t\t\t\t\t\t<\/div>\n\t\t\t\t<\/div>\n\t\t\t\t<div class=\"elementor-element elementor-element-70aa59e1 elementor-invisible elementor-widget elementor-widget-button\" data-id=\"70aa59e1\" data-element_type=\"widget\" data-settings=\"{&quot;_animation&quot;:&quot;fadeIn&quot;,&quot;_animation_delay&quot;:500}\" data-widget_type=\"button.default\">\n\t\t\t\t<div class=\"elementor-widget-container\">\n\t\t\t\t\t\t\t\t\t<div class=\"elementor-button-wrapper\">\n\t\t\t\t\t<a class=\"elementor-button elementor-button-link elementor-size-sm elementor-animation-shrink\" href=\"https:\/\/prodiktion.com\/fr\/contact-us-3\/\">\n\t\t\t\t\t\t<span class=\"elementor-button-content-wrapper\">\n\t\t\t\t\t\t\t\t\t<span class=\"elementor-button-text\">D\u00e9marrer votre projet<\/span>\n\t\t\t\t\t<\/span>\n\t\t\t\t\t<\/a>\n\t\t\t\t<\/div>\n\t\t\t\t\t\t\t\t<\/div>\n\t\t\t\t<\/div>\n\t\t\t\t\t<\/div>\n\t\t<\/div>\n\t\t\t\t\t<\/div>\n\t\t<\/section>\n\t\t\t\t<section class=\"elementor-section elementor-top-section elementor-element elementor-element-7debee35 elementor-section-boxed elementor-section-height-default elementor-section-height-default\" data-id=\"7debee35\" data-element_type=\"section\" data-settings=\"{&quot;background_background&quot;:&quot;classic&quot;}\">\n\t\t\t\t\t\t\t<div class=\"elementor-background-overlay\"><\/div>\n\t\t\t\t\t\t\t<div class=\"elementor-container elementor-column-gap-default\">\n\t\t\t\t\t<div class=\"elementor-column elementor-col-100 elementor-top-column elementor-element elementor-element-65571b61\" data-id=\"65571b61\" data-element_type=\"column\">\n\t\t\t<div class=\"elementor-widget-wrap elementor-element-populated\">\n\t\t\t\t\t\t<div class=\"elementor-element elementor-element-56416b58 elementor-widget elementor-widget-spacer\" data-id=\"56416b58\" data-element_type=\"widget\" data-widget_type=\"spacer.default\">\n\t\t\t\t<div class=\"elementor-widget-container\">\n\t\t\t\t\t\t\t<div class=\"elementor-spacer\">\n\t\t\t<div class=\"elementor-spacer-inner\"><\/div>\n\t\t<\/div>\n\t\t\t\t\t\t<\/div>\n\t\t\t\t<\/div>\n\t\t\t\t\t<\/div>\n\t\t<\/div>\n\t\t\t\t\t<\/div>\n\t\t<\/section>\n\t\t\t\t<section class=\"elementor-section elementor-top-section elementor-element elementor-element-27a2be24 elementor-section-boxed elementor-section-height-default elementor-section-height-default\" data-id=\"27a2be24\" data-element_type=\"section\">\n\t\t\t\t\t\t<div class=\"elementor-container elementor-column-gap-wider\">\n\t\t\t\t\t<div class=\"elementor-column elementor-col-100 elementor-top-column elementor-element elementor-element-30887328\" data-id=\"30887328\" data-element_type=\"column\">\n\t\t\t<div class=\"elementor-widget-wrap elementor-element-populated\">\n\t\t\t\t\t\t<div class=\"elementor-element elementor-element-2b0998a elementor-widget elementor-widget-text-editor\" data-id=\"2b0998a\" data-element_type=\"widget\" data-widget_type=\"text-editor.default\">\n\t\t\t\t<div class=\"elementor-widget-container\">\n\t\t\t\t\t\t\t\t\t<p>Ce que nous proposons<\/p>\t\t\t\t\t\t\t\t<\/div>\n\t\t\t\t<\/div>\n\t\t\t\t<div class=\"elementor-element elementor-element-5b113e3 title-divider elementor-widget-divider--view-line elementor-widget elementor-widget-divider\" data-id=\"5b113e3\" data-element_type=\"widget\" data-widget_type=\"divider.default\">\n\t\t\t\t<div class=\"elementor-widget-container\">\n\t\t\t\t\t\t\t<div class=\"elementor-divider\">\n\t\t\t<span class=\"elementor-divider-separator\">\n\t\t\t\t\t\t<\/span>\n\t\t<\/div>\n\t\t\t\t\t\t<\/div>\n\t\t\t\t<\/div>\n\t\t\t\t<div class=\"elementor-element elementor-element-299e0310 elementor-invisible elementor-widget elementor-widget-heading\" data-id=\"299e0310\" data-element_type=\"widget\" data-settings=\"{&quot;_animation&quot;:&quot;fadeIn&quot;}\" data-widget_type=\"heading.default\">\n\t\t\t\t<div class=\"elementor-widget-container\">\n\t\t\t\t\t<h2 class=\"elementor-heading-title elementor-size-default\">Conception d'applications mobiles.<\/h2>\t\t\t\t<\/div>\n\t\t\t\t<\/div>\n\t\t\t\t<div class=\"elementor-element elementor-element-42cd9564 elementor-vertical-align-top elementor-invisible elementor-widget elementor-widget-image-box\" data-id=\"42cd9564\" data-element_type=\"widget\" data-settings=\"{&quot;_animation&quot;:&quot;fadeIn&quot;,&quot;_animation_delay&quot;:400}\" data-widget_type=\"image-box.default\">\n\t\t\t\t<div class=\"elementor-widget-container\">\n\t\t\t\t\t<div class=\"elementor-image-box-wrapper\"><div class=\"elementor-image-box-content\"><p class=\"elementor-image-box-description\">- Services de d\u00e9veloppement d'applications mobiles<br>\n- D\u00e9veloppement d'applications iOS<br>\n- D\u00e9veloppement d'applications Android<br>\n- D\u00e9veloppement d'applications mobiles bas\u00e9es sur React Native<br>\n- D\u00e9veloppement d'applications mobiles bas\u00e9es sur Flutter<br>\n- D\u00e9veloppement d'applications mobiles natives<br>\n- D\u00e9veloppement d'applications mobiles hybrides<br>\n- D\u00e9veloppement Bootstrap<br><\/p><\/div><\/div>\t\t\t\t<\/div>\n\t\t\t\t<\/div>\n\t\t\t\t<div class=\"elementor-element elementor-element-60f8ac2 elementor-invisible elementor-widget elementor-widget-heading\" data-id=\"60f8ac2\" data-element_type=\"widget\" data-settings=\"{&quot;_animation&quot;:&quot;fadeIn&quot;}\" data-widget_type=\"heading.default\">\n\t\t\t\t<div class=\"elementor-widget-container\">\n\t\t\t\t\t<h2 class=\"elementor-heading-title elementor-size-default\">Les \u00e9tapes que nous suivons :<\/h2>\t\t\t\t<\/div>\n\t\t\t\t<\/div>\n\t\t\t\t<div class=\"elementor-element elementor-element-575910e elementor-vertical-align-top elementor-invisible elementor-widget elementor-widget-image-box\" data-id=\"575910e\" data-element_type=\"widget\" data-settings=\"{&quot;_animation&quot;:&quot;fadeIn&quot;,&quot;_animation_delay&quot;:400}\" data-widget_type=\"image-box.default\">\n\t\t\t\t<div class=\"elementor-widget-container\">\n\t\t\t\t\t<div class=\"elementor-image-box-wrapper\"><div class=\"elementor-image-box-content\"><h3 class=\"elementor-image-box-title\">- Documentation sur le champ d'application :<\/h3><p class=\"elementor-image-box-description\">Apr\u00e8s la confirmation de la commande de d\u00e9veloppement d'applications mobiles, nous cr\u00e9ons une documentation sur le champ d'application et obtenons la confirmation du client \u00e0 ce sujet.<\/p><\/div><\/div>\t\t\t\t<\/div>\n\t\t\t\t<\/div>\n\t\t\t\t<div class=\"elementor-element elementor-element-e80a4d6 elementor-vertical-align-top elementor-invisible elementor-widget elementor-widget-image-box\" data-id=\"e80a4d6\" data-element_type=\"widget\" data-settings=\"{&quot;_animation&quot;:&quot;fadeIn&quot;,&quot;_animation_delay&quot;:400}\" data-widget_type=\"image-box.default\">\n\t\t\t\t<div class=\"elementor-widget-container\">\n\t\t\t\t\t<div class=\"elementor-image-box-wrapper\"><div class=\"elementor-image-box-content\"><h3 class=\"elementor-image-box-title\">- D\u00e9veloppement d'une structure filaire avec UI &amp; UX :<\/h3><p class=\"elementor-image-box-description\">Apr\u00e8s confirmation de la documentation, nous d\u00e9veloppons l'ensemble de l'interface utilisateur et de l'interface utilisateur et nous cr\u00e9ons un sch\u00e9ma de l'application avec l'ensemble des flux.<\/p><\/div><\/div>\t\t\t\t<\/div>\n\t\t\t\t<\/div>\n\t\t\t\t<div class=\"elementor-element elementor-element-1ffcbd1 elementor-vertical-align-top elementor-invisible elementor-widget elementor-widget-image-box\" data-id=\"1ffcbd1\" data-element_type=\"widget\" data-settings=\"{&quot;_animation&quot;:&quot;fadeIn&quot;,&quot;_animation_delay&quot;:400}\" data-widget_type=\"image-box.default\">\n\t\t\t\t<div class=\"elementor-widget-container\">\n\t\t\t\t\t<div class=\"elementor-image-box-wrapper\"><div class=\"elementor-image-box-content\"><h3 class=\"elementor-image-box-title\">- Conception de l'\u00e9cran d'application :<\/h3><p class=\"elementor-image-box-description\">Une fois que la documentation sur le champ d'application et la confirmation de la structure filaire ont \u00e9t\u00e9 effectu\u00e9es, nous concevons les \u00e9crans statiques de l'application mobile. Il peut s'agir d'une application native sous Android ou d'une application native sous iOS, d'une application bas\u00e9e sur react native ou d'une application bas\u00e9e sur flutter.<\/p><\/div><\/div>\t\t\t\t<\/div>\n\t\t\t\t<\/div>\n\t\t\t\t<div class=\"elementor-element elementor-element-1173276 elementor-vertical-align-top elementor-invisible elementor-widget elementor-widget-image-box\" data-id=\"1173276\" data-element_type=\"widget\" data-settings=\"{&quot;_animation&quot;:&quot;fadeIn&quot;,&quot;_animation_delay&quot;:400}\" data-widget_type=\"image-box.default\">\n\t\t\t\t<div class=\"elementor-widget-container\">\n\t\t\t\t\t<div class=\"elementor-image-box-wrapper\"><div class=\"elementor-image-box-content\"><h3 class=\"elementor-image-box-title\">- Programmation d'applications :<\/h3><p class=\"elementor-image-box-description\">Liste des API pr\u00e9par\u00e9es pour l'application mobile<\/p><\/div><\/div>\t\t\t\t<\/div>\n\t\t\t\t<\/div>\n\t\t\t\t<div class=\"elementor-element elementor-element-1acdc29 elementor-vertical-align-top elementor-invisible elementor-widget elementor-widget-image-box\" data-id=\"1acdc29\" data-element_type=\"widget\" data-settings=\"{&quot;_animation&quot;:&quot;fadeIn&quot;,&quot;_animation_delay&quot;:400}\" data-widget_type=\"image-box.default\">\n\t\t\t\t<div class=\"elementor-widget-container\">\n\t\t\t\t\t<div class=\"elementor-image-box-wrapper\"><div class=\"elementor-image-box-content\"><h3 class=\"elementor-image-box-title\">- Programmation d'applications backend\/serveur :<\/h3><p class=\"elementor-image-box-description\">R\u00e9daction du code du panneau web pour les op\u00e9rations d'administration et du code c\u00f4t\u00e9 serveur pour l'ex\u00e9cution de l'utilit\u00e9 du back-end.<\/p><\/div><\/div>\t\t\t\t<\/div>\n\t\t\t\t<\/div>\n\t\t\t\t<div class=\"elementor-element elementor-element-cf9ef5e elementor-vertical-align-top elementor-invisible elementor-widget elementor-widget-image-box\" data-id=\"cf9ef5e\" data-element_type=\"widget\" data-settings=\"{&quot;_animation&quot;:&quot;fadeIn&quot;,&quot;_animation_delay&quot;:400}\" data-widget_type=\"image-box.default\">\n\t\t\t\t<div class=\"elementor-widget-container\">\n\t\t\t\t\t<div class=\"elementor-image-box-wrapper\"><div class=\"elementor-image-box-content\"><h3 class=\"elementor-image-box-title\">- D\u00e9veloppement d'APIs :<\/h3><p class=\"elementor-image-box-description\">\u00c9crire la majeure partie des API qui associent les \u00e9crans de l'application \u00e0 l'application c\u00f4t\u00e9 serveur et \u00e0 la base de donn\u00e9es.<\/p><\/div><\/div>\t\t\t\t<\/div>\n\t\t\t\t<\/div>\n\t\t\t\t<div class=\"elementor-element elementor-element-0d89dbf elementor-vertical-align-top elementor-invisible elementor-widget elementor-widget-image-box\" data-id=\"0d89dbf\" data-element_type=\"widget\" data-settings=\"{&quot;_animation&quot;:&quot;fadeIn&quot;,&quot;_animation_delay&quot;:400}\" data-widget_type=\"image-box.default\">\n\t\t\t\t<div class=\"elementor-widget-container\">\n\t\t\t\t\t<div class=\"elementor-image-box-wrapper\"><div class=\"elementor-image-box-content\"><h3 class=\"elementor-image-box-title\">- D\u00e9veloppement des fonctionnalit\u00e9s de l'application mobile\/compl\u00e9tion de l'application :<\/h3><p class=\"elementor-image-box-description\">Apr\u00e8s toutes les \u00e9tapes pr\u00e9c\u00e9dentes, les d\u00e9veloppeurs d'applications mobiles \u00e9crivent le code logique pour d\u00e9velopper les fonctionnalit\u00e9s et les caract\u00e9ristiques.<\/p><\/div><\/div>\t\t\t\t<\/div>\n\t\t\t\t<\/div>\n\t\t\t\t<div class=\"elementor-element elementor-element-487ea1f elementor-vertical-align-top elementor-invisible elementor-widget elementor-widget-image-box\" data-id=\"487ea1f\" data-element_type=\"widget\" data-settings=\"{&quot;_animation&quot;:&quot;fadeIn&quot;,&quot;_animation_delay&quot;:400}\" data-widget_type=\"image-box.default\">\n\t\t\t\t<div class=\"elementor-widget-container\">\n\t\t\t\t\t<div class=\"elementor-image-box-wrapper\"><div class=\"elementor-image-box-content\"><h3 class=\"elementor-image-box-title\">- Test :<\/h3><p class=\"elementor-image-box-description\">Notre ing\u00e9nieur QA teste l'ensemble de l'application et r\u00e9dige les cas de test.<\/p><\/div><\/div>\t\t\t\t<\/div>\n\t\t\t\t<\/div>\n\t\t\t\t<div class=\"elementor-element elementor-element-3e32d46 elementor-vertical-align-top elementor-invisible elementor-widget elementor-widget-image-box\" data-id=\"3e32d46\" data-element_type=\"widget\" data-settings=\"{&quot;_animation&quot;:&quot;fadeIn&quot;,&quot;_animation_delay&quot;:400}\" data-widget_type=\"image-box.default\">\n\t\t\t\t<div class=\"elementor-widget-container\">\n\t\t\t\t\t<div class=\"elementor-image-box-wrapper\"><div class=\"elementor-image-box-content\"><h3 class=\"elementor-image-box-title\">- Assurance qualit\u00e9 en amont :<\/h3><p class=\"elementor-image-box-description\">Tester le code du back-end pour l'ex\u00e9cution et la s\u00e9curit\u00e9.<br>\n- Configuration du nuage :\nD\u00e9ployer l'application c\u00f4t\u00e9 serveur sur le serveur\/cloud.<\/p><\/div><\/div>\t\t\t\t<\/div>\n\t\t\t\t<\/div>\n\t\t\t\t<div class=\"elementor-element elementor-element-b86a61d elementor-vertical-align-top elementor-invisible elementor-widget elementor-widget-image-box\" data-id=\"b86a61d\" data-element_type=\"widget\" data-settings=\"{&quot;_animation&quot;:&quot;fadeIn&quot;,&quot;_animation_delay&quot;:400}\" data-widget_type=\"image-box.default\">\n\t\t\t\t<div class=\"elementor-widget-container\">\n\t\t\t\t\t<div class=\"elementor-image-box-wrapper\"><div class=\"elementor-image-box-content\"><h3 class=\"elementor-image-box-title\">- Soumettre \u00e0 App Stores\/Play Stores :<\/h3><p class=\"elementor-image-box-description\">\nD\u00e9ployer l'application sur les App Stores\/Play Stores.<\/p><\/div><\/div>\t\t\t\t<\/div>\n\t\t\t\t<\/div>\n\t\t\t\t<div class=\"elementor-element elementor-element-204e026 elementor-vertical-align-top elementor-invisible elementor-widget elementor-widget-image-box\" data-id=\"204e026\" data-element_type=\"widget\" data-settings=\"{&quot;_animation&quot;:&quot;fadeIn&quot;,&quot;_animation_delay&quot;:400}\" data-widget_type=\"image-box.default\">\n\t\t\t\t<div class=\"elementor-widget-container\">\n\t\t\t\t\t<div class=\"elementor-image-box-wrapper\"><div class=\"elementor-image-box-content\"><h3 class=\"elementor-image-box-title\">- Soumettre \u00e0 App Stores\/Play Stores :<\/h3><p class=\"elementor-image-box-description\">D\u00e9ployer l'application sur les App Stores\/Play Stores.<\/p><\/div><\/div>\t\t\t\t<\/div>\n\t\t\t\t<\/div>\n\t\t\t\t\t<\/div>\n\t\t<\/div>\n\t\t\t\t\t<\/div>\n\t\t<\/section>\n\t\t\t\t<section class=\"elementor-section elementor-top-section elementor-element elementor-element-5f1d2ef2 elementor-section-boxed elementor-section-height-default elementor-section-height-default\" data-id=\"5f1d2ef2\" data-element_type=\"section\" data-settings=\"{&quot;background_background&quot;:&quot;classic&quot;}\">\n\t\t\t\t\t\t\t<div class=\"elementor-background-overlay\"><\/div>\n\t\t\t\t\t\t\t<div class=\"elementor-container elementor-column-gap-default\">\n\t\t\t\t\t<div class=\"elementor-column elementor-col-100 elementor-top-column elementor-element elementor-element-2ad291a1\" data-id=\"2ad291a1\" data-element_type=\"column\">\n\t\t\t<div class=\"elementor-widget-wrap elementor-element-populated\">\n\t\t\t\t\t\t<div class=\"elementor-element elementor-element-37b48ae2 elementor-invisible elementor-widget elementor-widget-heading\" data-id=\"37b48ae2\" data-element_type=\"widget\" data-settings=\"{&quot;_animation&quot;:&quot;fadeIn&quot;}\" data-widget_type=\"heading.default\">\n\t\t\t\t<div class=\"elementor-widget-container\">\n\t\t\t\t\t<h2 class=\"elementor-heading-title elementor-size-default\">parlons-en.<\/h2>\t\t\t\t<\/div>\n\t\t\t\t<\/div>\n\t\t\t\t<div class=\"elementor-element elementor-element-56c9ae8 elementor-invisible elementor-widget elementor-widget-text-editor\" data-id=\"56c9ae8\" data-element_type=\"widget\" data-settings=\"{&quot;_animation&quot;:&quot;fadeIn&quot;}\" data-widget_type=\"text-editor.default\">\n\t\t\t\t<div class=\"elementor-widget-container\">\n\t\t\t\t\t\t\t\t\t<p>Nous pouvons aider votre entreprise \u00e0 cr\u00e9er des applications mobiles visuellement attrayantes, conviviales et optimis\u00e9es qui repr\u00e9sentent efficacement votre marque et attirent votre public.<\/p>\t\t\t\t\t\t\t\t<\/div>\n\t\t\t\t<\/div>\n\t\t\t\t<div class=\"elementor-element elementor-element-26447eeb elementor-invisible elementor-widget elementor-widget-button\" data-id=\"26447eeb\" data-element_type=\"widget\" data-settings=\"{&quot;_animation&quot;:&quot;fadeIn&quot;,&quot;_animation_delay&quot;:500}\" data-widget_type=\"button.default\">\n\t\t\t\t<div class=\"elementor-widget-container\">\n\t\t\t\t\t\t\t\t\t<div class=\"elementor-button-wrapper\">\n\t\t\t\t\t<a class=\"elementor-button elementor-button-link elementor-size-sm elementor-animation-shrink\" href=\"https:\/\/prodiktion.com\/fr\/contact-us-3\/\">\n\t\t\t\t\t\t<span class=\"elementor-button-content-wrapper\">\n\t\t\t\t\t\t\t\t\t<span class=\"elementor-button-text\">D\u00e9marrer votre projet<\/span>\n\t\t\t\t\t<\/span>\n\t\t\t\t\t<\/a>\n\t\t\t\t<\/div>\n\t\t\t\t\t\t\t\t<\/div>\n\t\t\t\t<\/div>\n\t\t\t\t\t<\/div>\n\t\t<\/div>\n\t\t\t\t\t<\/div>\n\t\t<\/section>\n\t\t\t\t<\/div>","protected":false},"excerpt":{"rendered":"<p>Nos services D\u00e9veloppement d'applications mobiles. Ce n'est un secret pour personne que le monde est devenu mobile. Nous vivons tous \u00e0 une \u00e9poque o\u00f9 nos smartphones sont \u00e0 port\u00e9e de main \u00e0 tout moment, de jour comme de nuit. Que font tous les utilisateurs de ces appareils ? Ils utilisent des applications mobiles. Les possibilit\u00e9s d'utilisation des applications mobiles sont apparemment infinies. Commencez [...]<\/p>","protected":false},"author":2,"featured_media":0,"parent":0,"menu_order":0,"comment_status":"closed","ping_status":"closed","template":"","meta":{"_eb_attr":"","_monsterinsights_skip_tracking":false,"_monsterinsights_sitenote_active":false,"_monsterinsights_sitenote_note":"","_monsterinsights_sitenote_category":0,"footnotes":""},"class_list":["post-61551","page","type-page","status-publish","hentry"],"aioseo_notices":[],"jetpack_sharing_enabled":true,"_links":{"self":[{"href":"https:\/\/prodiktion.com\/fr\/wp-json\/wp\/v2\/pages\/61551","targetHints":{"allow":["GET"]}}],"collection":[{"href":"https:\/\/prodiktion.com\/fr\/wp-json\/wp\/v2\/pages"}],"about":[{"href":"https:\/\/prodiktion.com\/fr\/wp-json\/wp\/v2\/types\/page"}],"author":[{"embeddable":true,"href":"https:\/\/prodiktion.com\/fr\/wp-json\/wp\/v2\/users\/2"}],"replies":[{"embeddable":true,"href":"https:\/\/prodiktion.com\/fr\/wp-json\/wp\/v2\/comments?post=61551"}],"version-history":[{"count":5,"href":"https:\/\/prodiktion.com\/fr\/wp-json\/wp\/v2\/pages\/61551\/revisions"}],"predecessor-version":[{"id":62296,"href":"https:\/\/prodiktion.com\/fr\/wp-json\/wp\/v2\/pages\/61551\/revisions\/62296"}],"wp:attachment":[{"href":"https:\/\/prodiktion.com\/fr\/wp-json\/wp\/v2\/media?parent=61551"}],"curies":[{"name":"wp","href":"https:\/\/api.w.org\/{rel}","templated":true}]}}