{"id":61547,"date":"2022-07-13T04:05:21","date_gmt":"2022-07-13T04:05:21","guid":{"rendered":"https:\/\/prodiktion.com\/?page_id=61547"},"modified":"2023-06-19T03:45:01","modified_gmt":"2023-06-19T03:45:01","slug":"web-design","status":"publish","type":"page","link":"https:\/\/prodiktion.com\/fr\/web-design\/","title":{"rendered":"Conception de site internet"},"content":{"rendered":"<div data-elementor-type=\"wp-page\" data-elementor-id=\"61547\" class=\"elementor elementor-61547\">\n\t\t\t\t\t\t<section class=\"elementor-section elementor-top-section elementor-element elementor-element-3295bbcd elementor-section-boxed elementor-section-height-default elementor-section-height-default\" data-id=\"3295bbcd\" data-element_type=\"section\" data-settings=\"{&quot;background_background&quot;:&quot;classic&quot;}\">\n\t\t\t\t\t\t<div class=\"elementor-container elementor-column-gap-wider\">\n\t\t\t\t\t<div class=\"elementor-column elementor-col-50 elementor-top-column elementor-element elementor-element-366eb3e2\" data-id=\"366eb3e2\" data-element_type=\"column\">\n\t\t\t<div class=\"elementor-widget-wrap elementor-element-populated\">\n\t\t\t\t\t\t<div class=\"elementor-element elementor-element-7642ed59 elementor-widget elementor-widget-text-editor\" data-id=\"7642ed59\" data-element_type=\"widget\" data-widget_type=\"text-editor.default\">\n\t\t\t\t<div class=\"elementor-widget-container\">\n\t\t\t\t\t\t\t\t\t<p>Nos services<\/p>\t\t\t\t\t\t\t\t<\/div>\n\t\t\t\t<\/div>\n\t\t\t\t<div class=\"elementor-element elementor-element-5ef4ff99 title-divider elementor-widget-divider--view-line elementor-widget elementor-widget-divider\" data-id=\"5ef4ff99\" data-element_type=\"widget\" data-widget_type=\"divider.default\">\n\t\t\t\t<div class=\"elementor-widget-container\">\n\t\t\t\t\t\t\t<div class=\"elementor-divider\">\n\t\t\t<span class=\"elementor-divider-separator\">\n\t\t\t\t\t\t<\/span>\n\t\t<\/div>\n\t\t\t\t\t\t<\/div>\n\t\t\t\t<\/div>\n\t\t\t\t\t<\/div>\n\t\t<\/div>\n\t\t\t\t<div class=\"elementor-column elementor-col-50 elementor-top-column elementor-element elementor-element-7e5e9ce5\" data-id=\"7e5e9ce5\" data-element_type=\"column\">\n\t\t\t<div class=\"elementor-widget-wrap elementor-element-populated\">\n\t\t\t\t\t\t<div class=\"elementor-element elementor-element-10ddc2f5 elementor-invisible elementor-widget elementor-widget-heading\" data-id=\"10ddc2f5\" data-element_type=\"widget\" data-settings=\"{&quot;_animation&quot;:&quot;fadeIn&quot;}\" data-widget_type=\"heading.default\">\n\t\t\t\t<div class=\"elementor-widget-container\">\n\t\t\t\t\t<h1 class=\"elementor-heading-title elementor-size-default translation-block\">conception de site internet<\/h1>\t\t\t\t<\/div>\n\t\t\t\t<\/div>\n\t\t\t\t<div class=\"elementor-element elementor-element-1dc78cb5 elementor-invisible elementor-widget elementor-widget-text-editor\" data-id=\"1dc78cb5\" data-element_type=\"widget\" data-settings=\"{&quot;_animation&quot;:&quot;fadeIn&quot;}\" data-widget_type=\"text-editor.default\">\n\t\t\t\t<div class=\"elementor-widget-container\">\n\t\t\t\t\t\t\t\t\t<p>Nous d\u00e9veloppons une pr\u00e9sence commerciale forte et enviable sur l'internet.<\/p>\t\t\t\t\t\t\t\t<\/div>\n\t\t\t\t<\/div>\n\t\t\t\t<div class=\"elementor-element elementor-element-2ce14055 elementor-invisible elementor-widget elementor-widget-button\" data-id=\"2ce14055\" data-element_type=\"widget\" data-settings=\"{&quot;_animation&quot;:&quot;fadeIn&quot;,&quot;_animation_delay&quot;:500}\" data-widget_type=\"button.default\">\n\t\t\t\t<div class=\"elementor-widget-container\">\n\t\t\t\t\t\t\t\t\t<div class=\"elementor-button-wrapper\">\n\t\t\t\t\t<a class=\"elementor-button elementor-button-link elementor-size-sm elementor-animation-shrink\" href=\"https:\/\/prodiktion.com\/fr\/contact-us-3\/\">\n\t\t\t\t\t\t<span class=\"elementor-button-content-wrapper\">\n\t\t\t\t\t\t\t\t\t<span class=\"elementor-button-text\">D\u00e9marrer votre projet<\/span>\n\t\t\t\t\t<\/span>\n\t\t\t\t\t<\/a>\n\t\t\t\t<\/div>\n\t\t\t\t\t\t\t\t<\/div>\n\t\t\t\t<\/div>\n\t\t\t\t\t<\/div>\n\t\t<\/div>\n\t\t\t\t\t<\/div>\n\t\t<\/section>\n\t\t\t\t<section class=\"elementor-section elementor-top-section elementor-element elementor-element-60597163 elementor-section-boxed elementor-section-height-default elementor-section-height-default\" data-id=\"60597163\" data-element_type=\"section\" data-settings=\"{&quot;background_background&quot;:&quot;classic&quot;}\">\n\t\t\t\t\t\t\t<div class=\"elementor-background-overlay\"><\/div>\n\t\t\t\t\t\t\t<div class=\"elementor-container elementor-column-gap-default\">\n\t\t\t\t\t<div class=\"elementor-column elementor-col-100 elementor-top-column elementor-element elementor-element-61d85701\" data-id=\"61d85701\" data-element_type=\"column\">\n\t\t\t<div class=\"elementor-widget-wrap elementor-element-populated\">\n\t\t\t\t\t\t<div class=\"elementor-element elementor-element-3607bb66 elementor-widget elementor-widget-spacer\" data-id=\"3607bb66\" data-element_type=\"widget\" data-widget_type=\"spacer.default\">\n\t\t\t\t<div class=\"elementor-widget-container\">\n\t\t\t\t\t\t\t<div class=\"elementor-spacer\">\n\t\t\t<div class=\"elementor-spacer-inner\"><\/div>\n\t\t<\/div>\n\t\t\t\t\t\t<\/div>\n\t\t\t\t<\/div>\n\t\t\t\t\t<\/div>\n\t\t<\/div>\n\t\t\t\t\t<\/div>\n\t\t<\/section>\n\t\t\t\t<section class=\"elementor-section elementor-top-section elementor-element elementor-element-6110e078 elementor-section-boxed elementor-section-height-default elementor-section-height-default\" data-id=\"6110e078\" data-element_type=\"section\">\n\t\t\t\t\t\t<div class=\"elementor-container elementor-column-gap-wider\">\n\t\t\t\t\t<div class=\"elementor-column elementor-col-100 elementor-top-column elementor-element elementor-element-7bf64078\" data-id=\"7bf64078\" data-element_type=\"column\">\n\t\t\t<div class=\"elementor-widget-wrap elementor-element-populated\">\n\t\t\t\t\t\t<div class=\"elementor-element elementor-element-7c8c5cd9 elementor-widget elementor-widget-text-editor\" data-id=\"7c8c5cd9\" data-element_type=\"widget\" data-widget_type=\"text-editor.default\">\n\t\t\t\t<div class=\"elementor-widget-container\">\n\t\t\t\t\t\t\t\t\t<p>Ce que nous proposons<\/p>\t\t\t\t\t\t\t\t<\/div>\n\t\t\t\t<\/div>\n\t\t\t\t<div class=\"elementor-element elementor-element-3da1dd78 title-divider elementor-widget-divider--view-line elementor-widget elementor-widget-divider\" data-id=\"3da1dd78\" data-element_type=\"widget\" data-widget_type=\"divider.default\">\n\t\t\t\t<div class=\"elementor-widget-container\">\n\t\t\t\t\t\t\t<div class=\"elementor-divider\">\n\t\t\t<span class=\"elementor-divider-separator\">\n\t\t\t\t\t\t<\/span>\n\t\t<\/div>\n\t\t\t\t\t\t<\/div>\n\t\t\t\t<\/div>\n\t\t\t\t<div class=\"elementor-element elementor-element-19774638 elementor-invisible elementor-widget elementor-widget-heading\" data-id=\"19774638\" data-element_type=\"widget\" data-settings=\"{&quot;_animation&quot;:&quot;fadeIn&quot;}\" data-widget_type=\"heading.default\">\n\t\t\t\t<div class=\"elementor-widget-container\">\n\t\t\t\t\t<h2 class=\"elementor-heading-title elementor-size-default\">Gamme de services.<\/h2>\t\t\t\t<\/div>\n\t\t\t\t<\/div>\n\t\t\t\t<div class=\"elementor-element elementor-element-68908c9 elementor-invisible elementor-widget elementor-widget-heading\" data-id=\"68908c9\" data-element_type=\"widget\" data-settings=\"{&quot;_animation&quot;:&quot;fadeIn&quot;}\" data-widget_type=\"heading.default\">\n\t\t\t\t<div class=\"elementor-widget-container\">\n\t\t\t\t\t<h2 class=\"elementor-heading-title elementor-size-default\">Une large gamme de services de conception de sites web est propos\u00e9e pour votre entreprise :<\/h2>\t\t\t\t<\/div>\n\t\t\t\t<\/div>\n\t\t\t\t<div class=\"elementor-element elementor-element-3b6216b3 elementor-vertical-align-top elementor-invisible elementor-widget elementor-widget-image-box\" data-id=\"3b6216b3\" data-element_type=\"widget\" data-settings=\"{&quot;_animation&quot;:&quot;fadeIn&quot;,&quot;_animation_delay&quot;:800}\" data-widget_type=\"image-box.default\">\n\t\t\t\t<div class=\"elementor-widget-container\">\n\t\t\t\t\t<div class=\"elementor-image-box-wrapper\"><div class=\"elementor-image-box-content\"><h3 class=\"elementor-image-box-title\">- Refonte du site web<\/h3><p class=\"elementor-image-box-description\">En fournissant des services de refonte de sites Web, nous nous concentrons sur les 3 R - Red\u00e9couvrir, Redessiner et Red\u00e9velopper. Si vous pensez que votre site web est obsol\u00e8te et qu'il ne fonctionne pas comme vous l'aviez pr\u00e9vu, laissez-nous le redessiner de mani\u00e8re cr\u00e9ative pour vous.<\/p><\/div><\/div>\t\t\t\t<\/div>\n\t\t\t\t<\/div>\n\t\t\t\t<div class=\"elementor-element elementor-element-9d7348a elementor-vertical-align-top elementor-invisible elementor-widget elementor-widget-image-box\" data-id=\"9d7348a\" data-element_type=\"widget\" data-settings=\"{&quot;_animation&quot;:&quot;fadeIn&quot;,&quot;_animation_delay&quot;:800}\" data-widget_type=\"image-box.default\">\n\t\t\t\t<div class=\"elementor-widget-container\">\n\t\t\t\t\t<div class=\"elementor-image-box-wrapper\"><div class=\"elementor-image-box-content\"><h3 class=\"elementor-image-box-title\">- Sites de commerce \u00e9lectronique<\/h3><p class=\"elementor-image-box-description\">Cr\u00e9ez votre boutique en ligne gr\u00e2ce \u00e0 nos services de conception de sites Web de commerce \u00e9lectronique \u00e0 l'\u00eele Maurice. Nous comprenons l'importance d'un site web eCommerce bien con\u00e7u, fonctionnel et convivial pour votre entreprise. C'est pourquoi nous nous concentrons toujours sur la conception d'un site Web visuellement attrayant.<\/p><\/div><\/div>\t\t\t\t<\/div>\n\t\t\t\t<\/div>\n\t\t\t\t<div class=\"elementor-element elementor-element-d34b2a7 elementor-vertical-align-top elementor-invisible elementor-widget elementor-widget-image-box\" data-id=\"d34b2a7\" data-element_type=\"widget\" data-settings=\"{&quot;_animation&quot;:&quot;fadeIn&quot;,&quot;_animation_delay&quot;:800}\" data-widget_type=\"image-box.default\">\n\t\t\t\t<div class=\"elementor-widget-container\">\n\t\t\t\t\t<div class=\"elementor-image-box-wrapper\"><div class=\"elementor-image-box-content\"><h3 class=\"elementor-image-box-title\">- Conception de la page d'atterrissage<\/h3><p class=\"elementor-image-box-description\">Obtenez une page d'atterrissage pour un site web afin de montrer vos r\u00e9alisations et vos objectifs commerciaux au public.<\/p><\/div><\/div>\t\t\t\t<\/div>\n\t\t\t\t<\/div>\n\t\t\t\t<div class=\"elementor-element elementor-element-82ad7b5 elementor-vertical-align-top elementor-invisible elementor-widget elementor-widget-image-box\" data-id=\"82ad7b5\" data-element_type=\"widget\" data-settings=\"{&quot;_animation&quot;:&quot;fadeIn&quot;,&quot;_animation_delay&quot;:800}\" data-widget_type=\"image-box.default\">\n\t\t\t\t<div class=\"elementor-widget-container\">\n\t\t\t\t\t<div class=\"elementor-image-box-wrapper\"><div class=\"elementor-image-box-content\"><h3 class=\"elementor-image-box-title\">- Conception de sites web r\u00e9actifs<\/h3><p class=\"elementor-image-box-description\">Un site web doit \u00eatre flexible et fluide afin de pouvoir fonctionner correctement sur tous les appareils. Notre \u00e9quipe de conception de sites web fait de son mieux pour convertir votre site web en un site attractif, r\u00e9actif et visuellement attrayant.\n<\/p><\/div><\/div>\t\t\t\t<\/div>\n\t\t\t\t<\/div>\n\t\t\t\t<div class=\"elementor-element elementor-element-ac605c4 elementor-vertical-align-top elementor-invisible elementor-widget elementor-widget-image-box\" data-id=\"ac605c4\" data-element_type=\"widget\" data-settings=\"{&quot;_animation&quot;:&quot;fadeIn&quot;,&quot;_animation_delay&quot;:800}\" data-widget_type=\"image-box.default\">\n\t\t\t\t<div class=\"elementor-widget-container\">\n\t\t\t\t\t<div class=\"elementor-image-box-wrapper\"><div class=\"elementor-image-box-content\"><h3 class=\"elementor-image-box-title\">- Site web cr\u00e9atif<\/h3><p class=\"elementor-image-box-description\">Obtenez un site web cr\u00e9atif pour votre entreprise afin d'attirer le plus grand nombre de clients potentiels. Nous vous aidons \u00e0 cr\u00e9er un site web \u00e9tonnant et accrocheur qui d\u00e9finit la v\u00e9ritable r\u00e9putation d'une entreprise.<\/p><\/div><\/div>\t\t\t\t<\/div>\n\t\t\t\t<\/div>\n\t\t\t\t\t<\/div>\n\t\t<\/div>\n\t\t\t\t\t<\/div>\n\t\t<\/section>\n\t\t\t\t<section class=\"elementor-section elementor-top-section elementor-element elementor-element-1128e18b elementor-section-boxed elementor-section-height-default elementor-section-height-default\" data-id=\"1128e18b\" data-element_type=\"section\">\n\t\t\t\t\t\t<div class=\"elementor-container elementor-column-gap-wider\">\n\t\t\t\t\t<div class=\"elementor-column elementor-col-100 elementor-top-column elementor-element elementor-element-1ca01630\" data-id=\"1ca01630\" data-element_type=\"column\">\n\t\t\t<div class=\"elementor-widget-wrap elementor-element-populated\">\n\t\t\t\t\t\t<div class=\"elementor-element elementor-element-ba69cc8 elementor-widget elementor-widget-text-editor\" data-id=\"ba69cc8\" data-element_type=\"widget\" data-widget_type=\"text-editor.default\">\n\t\t\t\t<div class=\"elementor-widget-container\">\n\t\t\t\t\t\t\t\t\t<p>Ce que nous proposons<\/p>\t\t\t\t\t\t\t\t<\/div>\n\t\t\t\t<\/div>\n\t\t\t\t<div class=\"elementor-element elementor-element-7bec3563 elementor-invisible elementor-widget elementor-widget-heading\" data-id=\"7bec3563\" data-element_type=\"widget\" data-settings=\"{&quot;_animation&quot;:&quot;fadeIn&quot;}\" data-widget_type=\"heading.default\">\n\t\t\t\t<div class=\"elementor-widget-container\">\n\t\t\t\t\t<h2 class=\"elementor-heading-title elementor-size-default translation-block\">superbe site web<\/h2>\t\t\t\t<\/div>\n\t\t\t\t<\/div>\n\t\t\t\t<div class=\"elementor-element elementor-element-32529f0 elementor-widget elementor-widget-text-editor\" data-id=\"32529f0\" data-element_type=\"widget\" data-widget_type=\"text-editor.default\">\n\t\t\t\t<div class=\"elementor-widget-container\">\n\t\t\t\t\t\t\t\t\t<h4 style=\"box-sizing: border-box; margin: 0px 0px 5px; padding: 0px; font-family: Montserrat, Helvetica, Arial, 'DejaVu Sans', 'Liberation Sans', Freesans, sans-serif; font-size: 21px; line-height: 29px; font-weight: 300; color: #000000; font-style: normal; text-transform: none; text-align: left; font-variant-ligatures: normal; font-variant-caps: normal; letter-spacing: normal; orphans: 2; text-indent: 0px; widows: 2; word-spacing: 0px; -webkit-text-stroke-width: 0px; white-space: normal; background-color: #ffffff; text-decoration-thickness: initial; text-decoration-style: initial; text-decoration-color: initial;\"><span style=\"box-sizing: border-box; color: #000000;\"><strong style=\"box-sizing: border-box; font-weight: 600;\">Comment cr\u00e9er un site web attrayant pour votre entreprise ?<\/strong><\/span><\/h4><p>\u00a0<\/p>\t\t\t\t\t\t\t\t<\/div>\n\t\t\t\t<\/div>\n\t\t\t\t<div class=\"elementor-element elementor-element-9c8f9dd elementor-widget elementor-widget-text-editor\" data-id=\"9c8f9dd\" data-element_type=\"widget\" data-widget_type=\"text-editor.default\">\n\t\t\t\t<div class=\"elementor-widget-container\">\n\t\t\t\t\t\t\t\t\t<p>- Comprendre l'objectif de votre entreprise<br \/>- Recherche et analyse des derni\u00e8res tendances en mati\u00e8re de sites web<br \/>- Visualisation de l'interface utilisateur du site web<br \/>- Choix de la plateforme pour le d\u00e9veloppement du site web<br \/>- Conception et d\u00e9veloppement du site web<br \/>- Ajouter un contenu frais et cr\u00e9atif<br \/>- Essais et contr\u00f4le de la qualit\u00e9<br \/>- Lancement final du site web<\/p>\t\t\t\t\t\t\t\t<\/div>\n\t\t\t\t<\/div>\n\t\t\t\t<div class=\"elementor-element elementor-element-3876eecc title-divider elementor-widget-divider--view-line elementor-widget elementor-widget-divider\" data-id=\"3876eecc\" data-element_type=\"widget\" data-widget_type=\"divider.default\">\n\t\t\t\t<div class=\"elementor-widget-container\">\n\t\t\t\t\t\t\t<div class=\"elementor-divider\">\n\t\t\t<span class=\"elementor-divider-separator\">\n\t\t\t\t\t\t<\/span>\n\t\t<\/div>\n\t\t\t\t\t\t<\/div>\n\t\t\t\t<\/div>\n\t\t\t\t\t<\/div>\n\t\t<\/div>\n\t\t\t\t\t<\/div>\n\t\t<\/section>\n\t\t\t\t<section class=\"elementor-section elementor-top-section elementor-element elementor-element-6c97696d elementor-section-boxed elementor-section-height-default elementor-section-height-default\" data-id=\"6c97696d\" data-element_type=\"section\" data-settings=\"{&quot;background_background&quot;:&quot;classic&quot;}\">\n\t\t\t\t\t\t\t<div class=\"elementor-background-overlay\"><\/div>\n\t\t\t\t\t\t\t<div class=\"elementor-container elementor-column-gap-default\">\n\t\t\t\t\t<div class=\"elementor-column elementor-col-100 elementor-top-column elementor-element elementor-element-778c8bb0\" data-id=\"778c8bb0\" data-element_type=\"column\">\n\t\t\t<div class=\"elementor-widget-wrap elementor-element-populated\">\n\t\t\t\t\t\t<div class=\"elementor-element elementor-element-4f092428 elementor-invisible elementor-widget elementor-widget-heading\" data-id=\"4f092428\" data-element_type=\"widget\" data-settings=\"{&quot;_animation&quot;:&quot;fadeIn&quot;}\" data-widget_type=\"heading.default\">\n\t\t\t\t<div class=\"elementor-widget-container\">\n\t\t\t\t\t<h2 class=\"elementor-heading-title elementor-size-default\">parlons-en.<\/h2>\t\t\t\t<\/div>\n\t\t\t\t<\/div>\n\t\t\t\t<div class=\"elementor-element elementor-element-10775d85 elementor-invisible elementor-widget elementor-widget-text-editor\" data-id=\"10775d85\" data-element_type=\"widget\" data-settings=\"{&quot;_animation&quot;:&quot;fadeIn&quot;}\" data-widget_type=\"text-editor.default\">\n\t\t\t\t<div class=\"elementor-widget-container\">\n\t\t\t\t\t\t\t\t\t<p>Nous pouvons aider votre entreprise \u00e0 cr\u00e9er des sites Web visuellement attrayants, conviviaux et optimis\u00e9s qui repr\u00e9sentent efficacement votre marque et qui attirent votre public.<\/p>\t\t\t\t\t\t\t\t<\/div>\n\t\t\t\t<\/div>\n\t\t\t\t<div class=\"elementor-element elementor-element-6361b000 elementor-invisible elementor-widget elementor-widget-button\" data-id=\"6361b000\" data-element_type=\"widget\" data-settings=\"{&quot;_animation&quot;:&quot;fadeIn&quot;,&quot;_animation_delay&quot;:500}\" data-widget_type=\"button.default\">\n\t\t\t\t<div class=\"elementor-widget-container\">\n\t\t\t\t\t\t\t\t\t<div class=\"elementor-button-wrapper\">\n\t\t\t\t\t<a class=\"elementor-button elementor-button-link elementor-size-sm elementor-animation-shrink\" href=\"https:\/\/prodiktion.com\/fr\/contact-us-3\/\">\n\t\t\t\t\t\t<span class=\"elementor-button-content-wrapper\">\n\t\t\t\t\t\t\t\t\t<span class=\"elementor-button-text\">D\u00e9marrer votre projet<\/span>\n\t\t\t\t\t<\/span>\n\t\t\t\t\t<\/a>\n\t\t\t\t<\/div>\n\t\t\t\t\t\t\t\t<\/div>\n\t\t\t\t<\/div>\n\t\t\t\t\t<\/div>\n\t\t<\/div>\n\t\t\t\t\t<\/div>\n\t\t<\/section>\n\t\t\t\t<\/div>","protected":false},"excerpt":{"rendered":"<p>Nos services WebDesign. Nous d\u00e9veloppons une pr\u00e9sence forte et enviable de votre entreprise sur Internet. Commencez votre projet Ce que nous offrons Gamme de services. Nous proposons une large gamme de services de conception de sites Web pour votre entreprise : - Refonte de site web En fournissant des services de refonte de site web, nous nous concentrons sur les 3 R - Rediscover, Redesign, and Redevelop. Si vous pensez que [...]<\/p>","protected":false},"author":2,"featured_media":0,"parent":0,"menu_order":0,"comment_status":"closed","ping_status":"closed","template":"","meta":{"_eb_attr":"","_monsterinsights_skip_tracking":false,"_monsterinsights_sitenote_active":false,"_monsterinsights_sitenote_note":"","_monsterinsights_sitenote_category":0,"footnotes":""},"class_list":["post-61547","page","type-page","status-publish","hentry"],"aioseo_notices":[],"jetpack_sharing_enabled":true,"_links":{"self":[{"href":"https:\/\/prodiktion.com\/fr\/wp-json\/wp\/v2\/pages\/61547","targetHints":{"allow":["GET"]}}],"collection":[{"href":"https:\/\/prodiktion.com\/fr\/wp-json\/wp\/v2\/pages"}],"about":[{"href":"https:\/\/prodiktion.com\/fr\/wp-json\/wp\/v2\/types\/page"}],"author":[{"embeddable":true,"href":"https:\/\/prodiktion.com\/fr\/wp-json\/wp\/v2\/users\/2"}],"replies":[{"embeddable":true,"href":"https:\/\/prodiktion.com\/fr\/wp-json\/wp\/v2\/comments?post=61547"}],"version-history":[{"count":5,"href":"https:\/\/prodiktion.com\/fr\/wp-json\/wp\/v2\/pages\/61547\/revisions"}],"predecessor-version":[{"id":62290,"href":"https:\/\/prodiktion.com\/fr\/wp-json\/wp\/v2\/pages\/61547\/revisions\/62290"}],"wp:attachment":[{"href":"https:\/\/prodiktion.com\/fr\/wp-json\/wp\/v2\/media?parent=61547"}],"curies":[{"name":"wp","href":"https:\/\/api.w.org\/{rel}","templated":true}]}}