{"id":61541,"date":"2022-07-13T02:54:40","date_gmt":"2022-07-13T02:54:40","guid":{"rendered":"https:\/\/prodiktion.com\/?page_id=61541"},"modified":"2023-06-19T03:55:45","modified_gmt":"2023-06-19T03:55:45","slug":"email-marketing","status":"publish","type":"page","link":"https:\/\/prodiktion.com\/fr\/email-marketing\/","title":{"rendered":"Marketing par courrier \u00e9lectronique"},"content":{"rendered":"<div data-elementor-type=\"wp-page\" data-elementor-id=\"61541\" class=\"elementor elementor-61541\">\n\t\t\t\t\t\t<section class=\"elementor-section elementor-top-section elementor-element elementor-element-42f701d1 elementor-section-boxed elementor-section-height-default elementor-section-height-default\" data-id=\"42f701d1\" data-element_type=\"section\" data-settings=\"{&quot;background_background&quot;:&quot;classic&quot;}\">\n\t\t\t\t\t\t<div class=\"elementor-container elementor-column-gap-wider\">\n\t\t\t\t\t<div class=\"elementor-column elementor-col-50 elementor-top-column elementor-element elementor-element-198a239e\" data-id=\"198a239e\" data-element_type=\"column\">\n\t\t\t<div class=\"elementor-widget-wrap elementor-element-populated\">\n\t\t\t\t\t\t<div class=\"elementor-element elementor-element-2ad8e8aa elementor-widget elementor-widget-text-editor\" data-id=\"2ad8e8aa\" data-element_type=\"widget\" data-widget_type=\"text-editor.default\">\n\t\t\t\t<div class=\"elementor-widget-container\">\n\t\t\t\t\t\t\t\t\t<p>Nos services<\/p>\t\t\t\t\t\t\t\t<\/div>\n\t\t\t\t<\/div>\n\t\t\t\t<div class=\"elementor-element elementor-element-1a3b45c title-divider elementor-widget-divider--view-line elementor-widget elementor-widget-divider\" data-id=\"1a3b45c\" data-element_type=\"widget\" data-widget_type=\"divider.default\">\n\t\t\t\t<div class=\"elementor-widget-container\">\n\t\t\t\t\t\t\t<div class=\"elementor-divider\">\n\t\t\t<span class=\"elementor-divider-separator\">\n\t\t\t\t\t\t<\/span>\n\t\t<\/div>\n\t\t\t\t\t\t<\/div>\n\t\t\t\t<\/div>\n\t\t\t\t\t<\/div>\n\t\t<\/div>\n\t\t\t\t<div class=\"elementor-column elementor-col-50 elementor-top-column elementor-element elementor-element-136fc471\" data-id=\"136fc471\" data-element_type=\"column\">\n\t\t\t<div class=\"elementor-widget-wrap elementor-element-populated\">\n\t\t\t\t\t\t<div class=\"elementor-element elementor-element-85024cd elementor-invisible elementor-widget elementor-widget-heading\" data-id=\"85024cd\" data-element_type=\"widget\" data-settings=\"{&quot;_animation&quot;:&quot;fadeIn&quot;}\" data-widget_type=\"heading.default\">\n\t\t\t\t<div class=\"elementor-widget-container\">\n\t\t\t\t\t<h1 class=\"elementor-heading-title elementor-size-default\">Marketing courriel.<\/h1>\t\t\t\t<\/div>\n\t\t\t\t<\/div>\n\t\t\t\t<div class=\"elementor-element elementor-element-0c8079a elementor-invisible elementor-widget elementor-widget-text-editor\" data-id=\"0c8079a\" data-element_type=\"widget\" data-settings=\"{&quot;_animation&quot;:&quot;fadeIn&quot;}\" data-widget_type=\"text-editor.default\">\n\t\t\t\t<div class=\"elementor-widget-container\">\n\t\t\t\t\t\t\t\t\t<p><span style=\"color: #000000; font-family: Montserrat, Helvetica, Arial, 'DejaVu Sans', 'Liberation Sans', Freesans, sans-serif; font-size: 17px; font-style: normal; font-variant-ligatures: normal; font-variant-caps: normal; font-weight: 400; letter-spacing: normal; orphans: 2; text-align: left; text-indent: 0px; text-transform: none; widows: 2; word-spacing: 0px; -webkit-text-stroke-width: 0px; white-space: normal; background-color: #ffffff; text-decoration-thickness: initial; text-decoration-style: initial; text-decoration-color: initial; display: inline !important; float: none;\">Relevez le niveau de votre entreprise en ajoutant l'e-mail marketing \u00e0 votre strat\u00e9gie de marketing. <br \/>Prodiktion vous aide \u00e0 construire une relation engageante avec le public en ligne et \u00e0 le convertir en clients potentiels par le biais de l'Email Marketing.<\/span><\/p>\t\t\t\t\t\t\t\t<\/div>\n\t\t\t\t<\/div>\n\t\t\t\t<div class=\"elementor-element elementor-element-7bb5dffb elementor-invisible elementor-widget elementor-widget-button\" data-id=\"7bb5dffb\" data-element_type=\"widget\" data-settings=\"{&quot;_animation&quot;:&quot;fadeIn&quot;,&quot;_animation_delay&quot;:500}\" data-widget_type=\"button.default\">\n\t\t\t\t<div class=\"elementor-widget-container\">\n\t\t\t\t\t\t\t\t\t<div class=\"elementor-button-wrapper\">\n\t\t\t\t\t<a class=\"elementor-button elementor-button-link elementor-size-sm elementor-animation-shrink\" href=\"https:\/\/prodiktion.com\/fr\/contact-us-3\/\">\n\t\t\t\t\t\t<span class=\"elementor-button-content-wrapper\">\n\t\t\t\t\t\t\t\t\t<span class=\"elementor-button-text\">D\u00e9marrer votre projet<\/span>\n\t\t\t\t\t<\/span>\n\t\t\t\t\t<\/a>\n\t\t\t\t<\/div>\n\t\t\t\t\t\t\t\t<\/div>\n\t\t\t\t<\/div>\n\t\t\t\t\t<\/div>\n\t\t<\/div>\n\t\t\t\t\t<\/div>\n\t\t<\/section>\n\t\t\t\t<section class=\"elementor-section elementor-top-section elementor-element elementor-element-324c2f21 elementor-section-boxed elementor-section-height-default elementor-section-height-default\" data-id=\"324c2f21\" data-element_type=\"section\" data-settings=\"{&quot;background_background&quot;:&quot;classic&quot;}\">\n\t\t\t\t\t\t\t<div class=\"elementor-background-overlay\"><\/div>\n\t\t\t\t\t\t\t<div class=\"elementor-container elementor-column-gap-default\">\n\t\t\t\t\t<div class=\"elementor-column elementor-col-100 elementor-top-column elementor-element elementor-element-3d9284f5\" data-id=\"3d9284f5\" data-element_type=\"column\">\n\t\t\t<div class=\"elementor-widget-wrap elementor-element-populated\">\n\t\t\t\t\t\t<div class=\"elementor-element elementor-element-50a3d356 elementor-widget elementor-widget-spacer\" data-id=\"50a3d356\" data-element_type=\"widget\" data-widget_type=\"spacer.default\">\n\t\t\t\t<div class=\"elementor-widget-container\">\n\t\t\t\t\t\t\t<div class=\"elementor-spacer\">\n\t\t\t<div class=\"elementor-spacer-inner\"><\/div>\n\t\t<\/div>\n\t\t\t\t\t\t<\/div>\n\t\t\t\t<\/div>\n\t\t\t\t\t<\/div>\n\t\t<\/div>\n\t\t\t\t\t<\/div>\n\t\t<\/section>\n\t\t\t\t<section class=\"elementor-section elementor-top-section elementor-element elementor-element-28a403f elementor-section-boxed elementor-section-height-default elementor-section-height-default\" data-id=\"28a403f\" data-element_type=\"section\">\n\t\t\t\t\t\t<div class=\"elementor-container elementor-column-gap-wider\">\n\t\t\t\t\t<div class=\"elementor-column elementor-col-100 elementor-top-column elementor-element elementor-element-7c6a59d5\" data-id=\"7c6a59d5\" data-element_type=\"column\">\n\t\t\t<div class=\"elementor-widget-wrap elementor-element-populated\">\n\t\t\t\t\t\t<div class=\"elementor-element elementor-element-4c3e8f58 elementor-widget elementor-widget-text-editor\" data-id=\"4c3e8f58\" data-element_type=\"widget\" data-widget_type=\"text-editor.default\">\n\t\t\t\t<div class=\"elementor-widget-container\">\n\t\t\t\t\t\t\t\t\t<p>Ce que nous proposons<\/p>\t\t\t\t\t\t\t\t<\/div>\n\t\t\t\t<\/div>\n\t\t\t\t<div class=\"elementor-element elementor-element-2ad90b38 title-divider elementor-widget-divider--view-line elementor-widget elementor-widget-divider\" data-id=\"2ad90b38\" data-element_type=\"widget\" data-widget_type=\"divider.default\">\n\t\t\t\t<div class=\"elementor-widget-container\">\n\t\t\t\t\t\t\t<div class=\"elementor-divider\">\n\t\t\t<span class=\"elementor-divider-separator\">\n\t\t\t\t\t\t<\/span>\n\t\t<\/div>\n\t\t\t\t\t\t<\/div>\n\t\t\t\t<\/div>\n\t\t\t\t<div class=\"elementor-element elementor-element-58fdbf92 elementor-invisible elementor-widget elementor-widget-heading\" data-id=\"58fdbf92\" data-element_type=\"widget\" data-settings=\"{&quot;_animation&quot;:&quot;fadeIn&quot;}\" data-widget_type=\"heading.default\">\n\t\t\t\t<div class=\"elementor-widget-container\">\n\t\t\t\t\t<h2 class=\"elementor-heading-title elementor-size-default\"><h4 style=\"margin: 0px 0px 18px;padding: 0px;, Freesans, sans-serif;font-size: 21px;line-height: 29px;font-weight: 300;font-style: normal;text-transform: none;letter-spacing: normal;text-align: left;border-radius: 0px;text-indent: 0px;white-space: normal\"><strong style=\"font-weight: 600\">Service de marketing par courrier \u00e9lectronique<\/strong><span style=\"white-space: pre-wrap\">.<\/span><\/h4><\/h2>\t\t\t\t<\/div>\n\t\t\t\t<\/div>\n\t\t\t\t<div class=\"elementor-element elementor-element-7b237691 elementor-vertical-align-top elementor-invisible elementor-widget elementor-widget-image-box\" data-id=\"7b237691\" data-element_type=\"widget\" data-settings=\"{&quot;_animation&quot;:&quot;fadeIn&quot;,&quot;_animation_delay&quot;:400}\" data-widget_type=\"image-box.default\">\n\t\t\t\t<div class=\"elementor-widget-container\">\n\t\t\t\t\t<div class=\"elementor-image-box-wrapper\"><div class=\"elementor-image-box-content\"><h3 class=\"elementor-image-box-title\">Caract\u00e9ristiques principales<\/h3><p class=\"elementor-image-box-description\">Mod\u00e8les enti\u00e8rement personnalis\u00e9s.<br>\nUn contenu personnalis\u00e9 pour un meilleur engagement<br>\nInt\u00e9gration d'un logiciel d'analyse pour assurer un suivi complet des conversions (en option)<br>\nDes lignes d'objet et un corps de texte uniques et frais pour les courriels<br>\nCr\u00e9er des id\u00e9es innovantes pour des utilisateurs cibl\u00e9s<br>\nE-mails dynamiques et interactifs<br>\nRapports et analyses<br>\nDes formules abordables et personnalis\u00e9es<br><\/p><\/div><\/div>\t\t\t\t<\/div>\n\t\t\t\t<\/div>\n\t\t\t\t<div class=\"elementor-element elementor-element-3a0110af elementor-vertical-align-top elementor-invisible elementor-widget elementor-widget-image-box\" data-id=\"3a0110af\" data-element_type=\"widget\" data-settings=\"{&quot;_animation&quot;:&quot;fadeIn&quot;,&quot;_animation_delay&quot;:800}\" data-widget_type=\"image-box.default\">\n\t\t\t\t<div class=\"elementor-widget-container\">\n\t\t\t\t\t<div class=\"elementor-image-box-wrapper\"><div class=\"elementor-image-box-content\"><h3 class=\"elementor-image-box-title\">Notre approche cl\u00e9 de l'email marketing :<\/h3><p class=\"elementor-image-box-description\"><b>- Recherche et analyse<\/b><br>\nNous commen\u00e7ons le projet par des recherches et des analyses. Notre \u00e9quipe passe des heures \u00e0 trouver le meilleur moment, le meilleur endroit, le meilleur \u00e2ge, le meilleur sexe et bien d'autres choses encore pour diffuser des publicit\u00e9s par email. Nous g\u00e9rons la liste d'emails avec une pr\u00e9cision de 100%. Nous supprimons toutes les adresses email en double sur la liste d'emails et nous nous assurons que l'email dans votre liste est existant. Nous supprimons tous les courriels rejet\u00e9s afin de rendre la liste d'adresses \u00e9lectroniques propre et compacte.<br>\n<b>- Cr\u00e9ation de campagnes d'e-mailing attrayantes<\/b><br>\nNous concevons des mod\u00e8les d'emails personnalis\u00e9s et r\u00e9actifs avec un contenu cr\u00e9atif pour cibler un grand nombre de clients potentiels. Nous d\u00e9veloppons des campagnes d'emailing avec drag &amp; drop, HTML, ou les deux !<br>\n<b>- Contr\u00f4le<\/b><br>\nL'envoi d'e-mails n'est pas suffisant pour am\u00e9liorer votre pr\u00e9sence en ligne. Notre \u00e9quipe surveille les campagnes d'emailing pour en v\u00e9rifier les performances. Le contr\u00f4le de chaque campagne publicitaire est essentiel pour \u00e9conomiser de l'argent et conna\u00eetre les failles. Le suivi de vos publicit\u00e9s est essentiel pour am\u00e9liorer l'engagement et la d\u00e9livrabilit\u00e9. Dans notre approche de l'email marketing, nous int\u00e9grons Google Analytics aux campagnes d'email marketing. Cela vous aide \u00e0 suivre le nombre total de visites, l'atteinte des objectifs et les conversions de commerce \u00e9lectronique.<br>\n<b>- Rapports<\/b><br>\nComment mesurez-vous le succ\u00e8s de votre entreprise gr\u00e2ce \u00e0 l'email marketing ?\nNous cr\u00e9ons un rapport pr\u00e9cis sur les e-mails ouverts, cliqu\u00e9s ou ayant fait l'objet d'une interaction avec les clients. Nous partageons une image transparente de la performance de la campagne d'emailing avec des analyses qui vous aident \u00e0 prendre la bonne d\u00e9cision.<\/p><\/div><\/div>\t\t\t\t<\/div>\n\t\t\t\t<\/div>\n\t\t\t\t\t<\/div>\n\t\t<\/div>\n\t\t\t\t\t<\/div>\n\t\t<\/section>\n\t\t\t\t<section class=\"elementor-section elementor-top-section elementor-element elementor-element-cae8595 elementor-section-boxed elementor-section-height-default elementor-section-height-default\" data-id=\"cae8595\" data-element_type=\"section\" data-settings=\"{&quot;background_background&quot;:&quot;classic&quot;}\">\n\t\t\t\t\t\t\t<div class=\"elementor-background-overlay\"><\/div>\n\t\t\t\t\t\t\t<div class=\"elementor-container elementor-column-gap-default\">\n\t\t\t\t\t<div class=\"elementor-column elementor-col-100 elementor-top-column elementor-element elementor-element-1781c7f3\" data-id=\"1781c7f3\" data-element_type=\"column\">\n\t\t\t<div class=\"elementor-widget-wrap elementor-element-populated\">\n\t\t\t\t\t\t<div class=\"elementor-element elementor-element-26498b0f elementor-invisible elementor-widget elementor-widget-heading\" data-id=\"26498b0f\" data-element_type=\"widget\" data-settings=\"{&quot;_animation&quot;:&quot;fadeIn&quot;}\" data-widget_type=\"heading.default\">\n\t\t\t\t<div class=\"elementor-widget-container\">\n\t\t\t\t\t<h2 class=\"elementor-heading-title elementor-size-default\">parlons-en.<\/h2>\t\t\t\t<\/div>\n\t\t\t\t<\/div>\n\t\t\t\t<div class=\"elementor-element elementor-element-1df2433d elementor-invisible elementor-widget elementor-widget-text-editor\" data-id=\"1df2433d\" data-element_type=\"widget\" data-settings=\"{&quot;_animation&quot;:&quot;fadeIn&quot;}\" data-widget_type=\"text-editor.default\">\n\t\t\t\t<div class=\"elementor-widget-container\">\n\t\t\t\t\t\t\t\t\t<p>Nos services de marketing par courriel sont ax\u00e9s sur les r\u00e9sultats et rentables. Vous pouvez atteindre, engager et fid\u00e9liser vos clients avec la bonne strat\u00e9gie d'email marketing que nous avons con\u00e7ue.<\/p>\t\t\t\t\t\t\t\t<\/div>\n\t\t\t\t<\/div>\n\t\t\t\t<div class=\"elementor-element elementor-element-eab06e7 elementor-invisible elementor-widget elementor-widget-button\" data-id=\"eab06e7\" data-element_type=\"widget\" data-settings=\"{&quot;_animation&quot;:&quot;fadeIn&quot;,&quot;_animation_delay&quot;:500}\" data-widget_type=\"button.default\">\n\t\t\t\t<div class=\"elementor-widget-container\">\n\t\t\t\t\t\t\t\t\t<div class=\"elementor-button-wrapper\">\n\t\t\t\t\t<a class=\"elementor-button elementor-button-link elementor-size-sm elementor-animation-shrink\" href=\"https:\/\/prodiktion.com\/fr\/contact-us-3\/\">\n\t\t\t\t\t\t<span class=\"elementor-button-content-wrapper\">\n\t\t\t\t\t\t\t\t\t<span class=\"elementor-button-text\">D\u00e9marrer votre projet<\/span>\n\t\t\t\t\t<\/span>\n\t\t\t\t\t<\/a>\n\t\t\t\t<\/div>\n\t\t\t\t\t\t\t\t<\/div>\n\t\t\t\t<\/div>\n\t\t\t\t\t<\/div>\n\t\t<\/div>\n\t\t\t\t\t<\/div>\n\t\t<\/section>\n\t\t\t\t<\/div>","protected":false},"excerpt":{"rendered":"<p>Nos services Marketing par courriel. Relevez le niveau de votre entreprise en ajoutant l'email marketing \u00e0 votre strat\u00e9gie marketing. Prodiktion vous aide \u00e0 construire une relation engageante avec le public en ligne et \u00e0 le convertir en clients potentiels gr\u00e2ce \u00e0 l'Email Marketing. Commencez votre projet Ce que nous offrons Service de marketing par courriel. Principales caract\u00e9ristiques Conceptions enti\u00e8rement personnalis\u00e9es. Contenu personnalis\u00e9 pour [...]<\/p>","protected":false},"author":2,"featured_media":0,"parent":0,"menu_order":0,"comment_status":"closed","ping_status":"closed","template":"","meta":{"_eb_attr":"","_monsterinsights_skip_tracking":false,"_monsterinsights_sitenote_active":false,"_monsterinsights_sitenote_note":"","_monsterinsights_sitenote_category":0,"footnotes":""},"class_list":["post-61541","page","type-page","status-publish","hentry"],"aioseo_notices":[],"jetpack_sharing_enabled":true,"_links":{"self":[{"href":"https:\/\/prodiktion.com\/fr\/wp-json\/wp\/v2\/pages\/61541","targetHints":{"allow":["GET"]}}],"collection":[{"href":"https:\/\/prodiktion.com\/fr\/wp-json\/wp\/v2\/pages"}],"about":[{"href":"https:\/\/prodiktion.com\/fr\/wp-json\/wp\/v2\/types\/page"}],"author":[{"embeddable":true,"href":"https:\/\/prodiktion.com\/fr\/wp-json\/wp\/v2\/users\/2"}],"replies":[{"embeddable":true,"href":"https:\/\/prodiktion.com\/fr\/wp-json\/wp\/v2\/comments?post=61541"}],"version-history":[{"count":5,"href":"https:\/\/prodiktion.com\/fr\/wp-json\/wp\/v2\/pages\/61541\/revisions"}],"predecessor-version":[{"id":62302,"href":"https:\/\/prodiktion.com\/fr\/wp-json\/wp\/v2\/pages\/61541\/revisions\/62302"}],"wp:attachment":[{"href":"https:\/\/prodiktion.com\/fr\/wp-json\/wp\/v2\/media?parent=61541"}],"curies":[{"name":"wp","href":"https:\/\/api.w.org\/{rel}","templated":true}]}}