{"id":61538,"date":"2022-07-11T18:55:44","date_gmt":"2022-07-11T18:55:44","guid":{"rendered":"https:\/\/prodiktion.com\/?page_id=61538"},"modified":"2023-06-19T03:32:14","modified_gmt":"2023-06-19T03:32:14","slug":"merchandise","status":"publish","type":"page","link":"https:\/\/prodiktion.com\/fr\/merchandise\/","title":{"rendered":"Marchandises"},"content":{"rendered":"<div data-elementor-type=\"wp-page\" data-elementor-id=\"61538\" class=\"elementor elementor-61538\">\n\t\t\t\t\t\t<section class=\"elementor-section elementor-top-section elementor-element elementor-element-274c73d2 elementor-section-boxed elementor-section-height-default elementor-section-height-default\" data-id=\"274c73d2\" data-element_type=\"section\" data-settings=\"{&quot;background_background&quot;:&quot;classic&quot;}\">\n\t\t\t\t\t\t<div class=\"elementor-container elementor-column-gap-wider\">\n\t\t\t\t\t<div class=\"elementor-column elementor-col-50 elementor-top-column elementor-element elementor-element-c7d005c\" data-id=\"c7d005c\" data-element_type=\"column\">\n\t\t\t<div class=\"elementor-widget-wrap elementor-element-populated\">\n\t\t\t\t\t\t<div class=\"elementor-element elementor-element-585ab2e4 elementor-widget elementor-widget-text-editor\" data-id=\"585ab2e4\" data-element_type=\"widget\" data-widget_type=\"text-editor.default\">\n\t\t\t\t<div class=\"elementor-widget-container\">\n\t\t\t\t\t\t\t\t\t<p>Nos services<\/p>\t\t\t\t\t\t\t\t<\/div>\n\t\t\t\t<\/div>\n\t\t\t\t<div class=\"elementor-element elementor-element-45edaa3a title-divider elementor-widget-divider--view-line elementor-widget elementor-widget-divider\" data-id=\"45edaa3a\" data-element_type=\"widget\" data-widget_type=\"divider.default\">\n\t\t\t\t<div class=\"elementor-widget-container\">\n\t\t\t\t\t\t\t<div class=\"elementor-divider\">\n\t\t\t<span class=\"elementor-divider-separator\">\n\t\t\t\t\t\t<\/span>\n\t\t<\/div>\n\t\t\t\t\t\t<\/div>\n\t\t\t\t<\/div>\n\t\t\t\t\t<\/div>\n\t\t<\/div>\n\t\t\t\t<div class=\"elementor-column elementor-col-50 elementor-top-column elementor-element elementor-element-409bebea\" data-id=\"409bebea\" data-element_type=\"column\">\n\t\t\t<div class=\"elementor-widget-wrap elementor-element-populated\">\n\t\t\t\t\t\t<div class=\"elementor-element elementor-element-362a560a elementor-invisible elementor-widget elementor-widget-heading\" data-id=\"362a560a\" data-element_type=\"widget\" data-settings=\"{&quot;_animation&quot;:&quot;fadeIn&quot;}\" data-widget_type=\"heading.default\">\n\t\t\t\t<div class=\"elementor-widget-container\">\n\t\t\t\t\t<h1 class=\"elementor-heading-title elementor-size-default translation-block\">Conception merchandising<\/h1>\t\t\t\t<\/div>\n\t\t\t\t<\/div>\n\t\t\t\t<div class=\"elementor-element elementor-element-20a62e4f elementor-invisible elementor-widget elementor-widget-text-editor\" data-id=\"20a62e4f\" data-element_type=\"widget\" data-settings=\"{&quot;_animation&quot;:&quot;fadeIn&quot;}\" data-widget_type=\"text-editor.default\">\n\t\t\t\t<div class=\"elementor-widget-container\">\n\t\t\t\t\t\t\t\t\t<p>Pour les marchandises de marque, il est important de choisir les articles \u00e0 marquer. Pour faciliter cette d\u00e9cision, il faut se r\u00e9f\u00e9rer \u00e0 la question \"qui sont vos clients ?\".<\/p><p>D\u00e9terminez ce que vos clients ou votre public cible aiment, car l'objectif de la marchandise de marque est de fournir quelque chose que votre public cible trouve utile.<\/p>\t\t\t\t\t\t\t\t<\/div>\n\t\t\t\t<\/div>\n\t\t\t\t<div class=\"elementor-element elementor-element-47d11a8 elementor-invisible elementor-widget elementor-widget-button\" data-id=\"47d11a8\" data-element_type=\"widget\" data-settings=\"{&quot;_animation&quot;:&quot;fadeIn&quot;,&quot;_animation_delay&quot;:500}\" data-widget_type=\"button.default\">\n\t\t\t\t<div class=\"elementor-widget-container\">\n\t\t\t\t\t\t\t\t\t<div class=\"elementor-button-wrapper\">\n\t\t\t\t\t<a class=\"elementor-button elementor-button-link elementor-size-sm elementor-animation-shrink\" href=\"https:\/\/prodiktion.com\/fr\/contact-us-3\/\">\n\t\t\t\t\t\t<span class=\"elementor-button-content-wrapper\">\n\t\t\t\t\t\t\t\t\t<span class=\"elementor-button-text\">D\u00e9marrer votre projet<\/span>\n\t\t\t\t\t<\/span>\n\t\t\t\t\t<\/a>\n\t\t\t\t<\/div>\n\t\t\t\t\t\t\t\t<\/div>\n\t\t\t\t<\/div>\n\t\t\t\t\t<\/div>\n\t\t<\/div>\n\t\t\t\t\t<\/div>\n\t\t<\/section>\n\t\t\t\t<section class=\"elementor-section elementor-top-section elementor-element elementor-element-4caaa2d1 elementor-section-boxed elementor-section-height-default elementor-section-height-default\" data-id=\"4caaa2d1\" data-element_type=\"section\" data-settings=\"{&quot;background_background&quot;:&quot;classic&quot;}\">\n\t\t\t\t\t\t\t<div class=\"elementor-background-overlay\"><\/div>\n\t\t\t\t\t\t\t<div class=\"elementor-container elementor-column-gap-default\">\n\t\t\t\t\t<div class=\"elementor-column elementor-col-100 elementor-top-column elementor-element elementor-element-35df62b1\" data-id=\"35df62b1\" data-element_type=\"column\">\n\t\t\t<div class=\"elementor-widget-wrap elementor-element-populated\">\n\t\t\t\t\t\t<div class=\"elementor-element elementor-element-5f681632 elementor-widget elementor-widget-spacer\" data-id=\"5f681632\" data-element_type=\"widget\" data-widget_type=\"spacer.default\">\n\t\t\t\t<div class=\"elementor-widget-container\">\n\t\t\t\t\t\t\t<div class=\"elementor-spacer\">\n\t\t\t<div class=\"elementor-spacer-inner\"><\/div>\n\t\t<\/div>\n\t\t\t\t\t\t<\/div>\n\t\t\t\t<\/div>\n\t\t\t\t\t<\/div>\n\t\t<\/div>\n\t\t\t\t\t<\/div>\n\t\t<\/section>\n\t\t\t\t<section class=\"elementor-section elementor-top-section elementor-element elementor-element-2f2ae793 elementor-section-boxed elementor-section-height-default elementor-section-height-default\" data-id=\"2f2ae793\" data-element_type=\"section\">\n\t\t\t\t\t\t<div class=\"elementor-container elementor-column-gap-wider\">\n\t\t\t\t\t<div class=\"elementor-column elementor-col-100 elementor-top-column elementor-element elementor-element-28253f11\" data-id=\"28253f11\" data-element_type=\"column\">\n\t\t\t<div class=\"elementor-widget-wrap elementor-element-populated\">\n\t\t\t\t\t\t<div class=\"elementor-element elementor-element-6a989490 elementor-widget elementor-widget-text-editor\" data-id=\"6a989490\" data-element_type=\"widget\" data-widget_type=\"text-editor.default\">\n\t\t\t\t<div class=\"elementor-widget-container\">\n\t\t\t\t\t\t\t\t\t<p>Ce que nous proposons<\/p>\t\t\t\t\t\t\t\t<\/div>\n\t\t\t\t<\/div>\n\t\t\t\t<div class=\"elementor-element elementor-element-16bba16c title-divider elementor-widget-divider--view-line elementor-widget elementor-widget-divider\" data-id=\"16bba16c\" data-element_type=\"widget\" data-widget_type=\"divider.default\">\n\t\t\t\t<div class=\"elementor-widget-container\">\n\t\t\t\t\t\t\t<div class=\"elementor-divider\">\n\t\t\t<span class=\"elementor-divider-separator\">\n\t\t\t\t\t\t<\/span>\n\t\t<\/div>\n\t\t\t\t\t\t<\/div>\n\t\t\t\t<\/div>\n\t\t\t\t<div class=\"elementor-element elementor-element-7a4c9f93 elementor-invisible elementor-widget elementor-widget-heading\" data-id=\"7a4c9f93\" data-element_type=\"widget\" data-settings=\"{&quot;_animation&quot;:&quot;fadeIn&quot;}\" data-widget_type=\"heading.default\">\n\t\t\t\t<div class=\"elementor-widget-container\">\n\t\t\t\t\t<h2 class=\"elementor-heading-title elementor-size-default translation-block\">Conception merchandising<\/h2>\t\t\t\t<\/div>\n\t\t\t\t<\/div>\n\t\t\t\t\t<\/div>\n\t\t<\/div>\n\t\t\t\t\t<\/div>\n\t\t<\/section>\n\t\t\t\t<section class=\"elementor-section elementor-top-section elementor-element elementor-element-43fd195c elementor-section-boxed elementor-section-height-default elementor-section-height-default\" data-id=\"43fd195c\" data-element_type=\"section\">\n\t\t\t\t\t\t<div class=\"elementor-container elementor-column-gap-default\">\n\t\t\t\t\t<div class=\"elementor-column elementor-col-50 elementor-top-column elementor-element elementor-element-c033b4d\" data-id=\"c033b4d\" data-element_type=\"column\">\n\t\t\t<div class=\"elementor-widget-wrap elementor-element-populated\">\n\t\t\t\t\t\t<div class=\"elementor-element elementor-element-1d344d57 elementor-position-left elementor-vertical-align-top elementor-invisible elementor-widget elementor-widget-image-box\" data-id=\"1d344d57\" data-element_type=\"widget\" data-settings=\"{&quot;_animation&quot;:&quot;fadeIn&quot;,&quot;_animation_delay&quot;:400}\" data-widget_type=\"image-box.default\">\n\t\t\t\t<div class=\"elementor-widget-container\">\n\t\t\t\t\t<div class=\"elementor-image-box-wrapper\"><figure class=\"elementor-image-box-img\"><img decoding=\"async\" width=\"100\" height=\"100\" src=\"https:\/\/i0.wp.com\/prodiktion.com\/wp-content\/uploads\/icons8-idea-100.png?fit=100%2C100&amp;ssl=1\" class=\"elementor-animation-grow attachment-full size-full wp-image-61778\" alt=\"\" \/><\/figure><div class=\"elementor-image-box-content\"><h3 class=\"elementor-image-box-title\">Le processus complet de conception<\/h3><p class=\"elementor-image-box-description\">Lorsque vous travaillez avec notre \u00e9quipe pour vos besoins de conception, vous pouvez vous attendre \u00e0 ce que le processus comporte les \u00e9tapes suivantes :\n\nNous effectuons des recherches sur le c\u0153ur et le positionnement de votre marque.\nNous d\u00e9finissons notre orientation visuelle cr\u00e9ative sur la base d'informations strat\u00e9giques pour vous et votre \u00e9quipe.\nNotre \u00e9quipe con\u00e7oit des designs qui refl\u00e8tent de mani\u00e8re authentique la philosophie de votre marque et amplifient son histoire.\nForts de toutes ces connaissances, nous cr\u00e9ons ensuite un design substantiel sous la forme de marques magnifiques, de v\u00eatements soign\u00e9s et de marchandises uniques qui trouvent un \u00e9cho aupr\u00e8s de votre public cible.<\/p><\/div><\/div>\t\t\t\t<\/div>\n\t\t\t\t<\/div>\n\t\t\t\t\t<\/div>\n\t\t<\/div>\n\t\t\t\t<div class=\"elementor-column elementor-col-50 elementor-top-column elementor-element elementor-element-2e38d3db\" data-id=\"2e38d3db\" data-element_type=\"column\">\n\t\t\t<div class=\"elementor-widget-wrap elementor-element-populated\">\n\t\t\t\t\t\t<div class=\"elementor-element elementor-element-3e259987 elementor-position-left elementor-vertical-align-top elementor-invisible elementor-widget elementor-widget-image-box\" data-id=\"3e259987\" data-element_type=\"widget\" data-settings=\"{&quot;_animation&quot;:&quot;fadeIn&quot;,&quot;_animation_delay&quot;:800}\" data-widget_type=\"image-box.default\">\n\t\t\t\t<div class=\"elementor-widget-container\">\n\t\t\t\t\t<div class=\"elementor-image-box-wrapper\"><figure class=\"elementor-image-box-img\"><img decoding=\"async\" width=\"100\" height=\"100\" src=\"https:\/\/i0.wp.com\/prodiktion.com\/wp-content\/uploads\/icons8-iphone-x-100.png?fit=100%2C100&amp;ssl=1\" class=\"elementor-animation-grow attachment-full size-full wp-image-61779\" alt=\"\" \/><\/figure><div class=\"elementor-image-box-content\"><h3 class=\"elementor-image-box-title\">Pourquoi les marchandises de marque sont-elles importantes ?<\/h3><p class=\"elementor-image-box-description\">En fonction de votre strat\u00e9gie commerciale, de vos objectifs et de l'utilisation finale des marchandises personnalis\u00e9es, les avantages commerciaux peuvent varier.<br>\n\nD'une mani\u00e8re g\u00e9n\u00e9rale, les marchandises de marque sont essentielles pour les marques qui cherchent \u00e0.. :<br>\n- Construire une r\u00e9putation<br>\n- Augmenter la notori\u00e9t\u00e9 et la port\u00e9e de la marque<br>\n- Fid\u00e9liser les clients<br>\n- Se faire remarquer<br>\n- Cr\u00e9er un engagement durable<br>\n- Se diff\u00e9rencier sur le march\u00e9<br>\n- Pr\u00e9senter de mani\u00e8re tangible les valeurs de la marque<br>\n- Devenir plus qu'un produit ou un service<br>\n- fournisseur \u00e0 votre public<br>\n- Apporter une valeur ajout\u00e9e<br>\n- Instaurer la confiance<br>\n- S'engager avec les employ\u00e9s<br>\n- \u00c9tablir une relation avec les employ\u00e9s et les clients<br>\n- Une publicit\u00e9 plus efficace<br><\/p><\/div><\/div>\t\t\t\t<\/div>\n\t\t\t\t<\/div>\n\t\t\t\t\t<\/div>\n\t\t<\/div>\n\t\t\t\t\t<\/div>\n\t\t<\/section>\n\t\t\t\t<section class=\"elementor-section elementor-top-section elementor-element elementor-element-64ae7a5f elementor-section-boxed elementor-section-height-default elementor-section-height-default\" data-id=\"64ae7a5f\" data-element_type=\"section\">\n\t\t\t\t\t\t<div class=\"elementor-container elementor-column-gap-wider\">\n\t\t\t\t\t<div class=\"elementor-column elementor-col-100 elementor-top-column elementor-element elementor-element-6e4b23f\" data-id=\"6e4b23f\" data-element_type=\"column\">\n\t\t\t<div class=\"elementor-widget-wrap elementor-element-populated\">\n\t\t\t\t\t\t<div class=\"elementor-element elementor-element-e135498 elementor-invisible elementor-widget elementor-widget-heading\" data-id=\"e135498\" data-element_type=\"widget\" data-settings=\"{&quot;_animation&quot;:&quot;fadeIn&quot;}\" data-widget_type=\"heading.default\">\n\t\t\t\t<div class=\"elementor-widget-container\">\n\t\t\t\t\t<h2 class=\"elementor-heading-title elementor-size-default translation-block\">articles populaire<\/h2>\t\t\t\t<\/div>\n\t\t\t\t<\/div>\n\t\t\t\t\t<\/div>\n\t\t<\/div>\n\t\t\t\t\t<\/div>\n\t\t<\/section>\n\t\t\t\t<section class=\"elementor-section elementor-top-section elementor-element elementor-element-be4e447 elementor-section-boxed elementor-section-height-default elementor-section-height-default elementor-invisible\" data-id=\"be4e447\" data-element_type=\"section\" data-settings=\"{&quot;animation&quot;:&quot;fadeIn&quot;,&quot;animation_delay&quot;:500}\">\n\t\t\t\t\t\t<div class=\"elementor-container elementor-column-gap-wider\">\n\t\t\t\t\t<div class=\"elementor-column elementor-col-33 elementor-top-column elementor-element elementor-element-2c1eedfa\" data-id=\"2c1eedfa\" data-element_type=\"column\">\n\t\t\t<div class=\"elementor-widget-wrap elementor-element-populated\">\n\t\t\t\t\t\t<div class=\"elementor-element elementor-element-ac6b3f1 elementor-widget elementor-widget-text-editor\" data-id=\"ac6b3f1\" data-element_type=\"widget\" data-widget_type=\"text-editor.default\">\n\t\t\t\t<div class=\"elementor-widget-container\">\n\t\t\t\t\t\t\t\t\t<p>Nos services<\/p>\t\t\t\t\t\t\t\t<\/div>\n\t\t\t\t<\/div>\n\t\t\t\t<div class=\"elementor-element elementor-element-5b5fd2e1 title-divider elementor-widget-divider--view-line elementor-widget elementor-widget-divider\" data-id=\"5b5fd2e1\" data-element_type=\"widget\" data-widget_type=\"divider.default\">\n\t\t\t\t<div class=\"elementor-widget-container\">\n\t\t\t\t\t\t\t<div class=\"elementor-divider\">\n\t\t\t<span class=\"elementor-divider-separator\">\n\t\t\t\t\t\t<\/span>\n\t\t<\/div>\n\t\t\t\t\t\t<\/div>\n\t\t\t\t<\/div>\n\t\t\t\t\t<\/div>\n\t\t<\/div>\n\t\t\t\t<div class=\"elementor-column elementor-col-33 elementor-top-column elementor-element elementor-element-3de97758\" data-id=\"3de97758\" data-element_type=\"column\">\n\t\t\t<div class=\"elementor-widget-wrap elementor-element-populated\">\n\t\t\t\t\t\t<div class=\"elementor-element elementor-element-3050c65a elementor-widget elementor-widget-text-editor\" data-id=\"3050c65a\" data-element_type=\"widget\" data-widget_type=\"text-editor.default\">\n\t\t\t\t<div class=\"elementor-widget-container\">\n\t\t\t\t\t\t\t\t\t<ul><li>T-shirts<\/li><li>Casquettes de baseball<\/li><li>Stylos<\/li><li>Blocs-notes<\/li><\/ul>\t\t\t\t\t\t\t\t<\/div>\n\t\t\t\t<\/div>\n\t\t\t\t\t<\/div>\n\t\t<\/div>\n\t\t\t\t<div class=\"elementor-column elementor-col-33 elementor-top-column elementor-element elementor-element-7e9625df\" data-id=\"7e9625df\" data-element_type=\"column\">\n\t\t\t<div class=\"elementor-widget-wrap elementor-element-populated\">\n\t\t\t\t\t\t<div class=\"elementor-element elementor-element-ad6c8d elementor-widget elementor-widget-text-editor\" data-id=\"ad6c8d\" data-element_type=\"widget\" data-widget_type=\"text-editor.default\">\n\t\t\t\t<div class=\"elementor-widget-container\">\n\t\t\t\t\t\t\t\t\t<ul><li>Sacs fourre-tout<\/li><li>Mugs<\/li><li>Bouteilles d'eau<\/li><\/ul>\t\t\t\t\t\t\t\t<\/div>\n\t\t\t\t<\/div>\n\t\t\t\t\t<\/div>\n\t\t<\/div>\n\t\t\t\t\t<\/div>\n\t\t<\/section>\n\t\t\t\t<section class=\"elementor-section elementor-top-section elementor-element elementor-element-78813f5d elementor-section-boxed elementor-section-height-default elementor-section-height-default\" data-id=\"78813f5d\" data-element_type=\"section\" data-settings=\"{&quot;background_background&quot;:&quot;classic&quot;}\">\n\t\t\t\t\t\t\t<div class=\"elementor-background-overlay\"><\/div>\n\t\t\t\t\t\t\t<div class=\"elementor-container elementor-column-gap-default\">\n\t\t\t\t\t<div class=\"elementor-column elementor-col-100 elementor-top-column elementor-element elementor-element-118ff7a5\" data-id=\"118ff7a5\" data-element_type=\"column\">\n\t\t\t<div class=\"elementor-widget-wrap elementor-element-populated\">\n\t\t\t\t\t\t<div class=\"elementor-element elementor-element-3ddeb250 elementor-widget__width-initial elementor-invisible elementor-widget elementor-widget-heading\" data-id=\"3ddeb250\" data-element_type=\"widget\" data-settings=\"{&quot;_animation&quot;:&quot;fadeIn&quot;}\" data-widget_type=\"heading.default\">\n\t\t\t\t<div class=\"elementor-widget-container\">\n\t\t\t\t\t<h2 class=\"elementor-heading-title elementor-size-default\">parlons-en.<\/h2>\t\t\t\t<\/div>\n\t\t\t\t<\/div>\n\t\t\t\t<div class=\"elementor-element elementor-element-74595b97 elementor-widget__width-initial elementor-invisible elementor-widget elementor-widget-text-editor\" data-id=\"74595b97\" data-element_type=\"widget\" data-settings=\"{&quot;_animation&quot;:&quot;fadeIn&quot;}\" data-widget_type=\"text-editor.default\">\n\t\t\t\t<div class=\"elementor-widget-container\">\n\t\t\t\t\t\t\t\t\t<p>Nous fournissons des services de conception de marchandises et offrons une large gamme de services aux marques qui cherchent \u00e0 cr\u00e9er des produits visuellement attrayants et commercialisables.<\/p>\t\t\t\t\t\t\t\t<\/div>\n\t\t\t\t<\/div>\n\t\t\t\t<div class=\"elementor-element elementor-element-562ed259 elementor-invisible elementor-widget elementor-widget-button\" data-id=\"562ed259\" data-element_type=\"widget\" data-settings=\"{&quot;_animation&quot;:&quot;fadeIn&quot;,&quot;_animation_delay&quot;:500}\" data-widget_type=\"button.default\">\n\t\t\t\t<div class=\"elementor-widget-container\">\n\t\t\t\t\t\t\t\t\t<div class=\"elementor-button-wrapper\">\n\t\t\t\t\t<a class=\"elementor-button elementor-button-link elementor-size-sm elementor-animation-shrink\" href=\"https:\/\/prodiktion.com\/fr\/contact-us-3\/\">\n\t\t\t\t\t\t<span class=\"elementor-button-content-wrapper\">\n\t\t\t\t\t\t\t\t\t<span class=\"elementor-button-text\">D\u00e9marrer votre projet<\/span>\n\t\t\t\t\t<\/span>\n\t\t\t\t\t<\/a>\n\t\t\t\t<\/div>\n\t\t\t\t\t\t\t\t<\/div>\n\t\t\t\t<\/div>\n\t\t\t\t\t<\/div>\n\t\t<\/div>\n\t\t\t\t\t<\/div>\n\t\t<\/section>\n\t\t\t\t<\/div>","protected":false},"excerpt":{"rendered":"<p>Nos services Conception de marchandises. Pour les marchandises de marque, il est important de choisir les articles \u00e0 marquer. Pour faciliter cette d\u00e9cision, reportez-vous \u00e0 la question \"Qui sont vos clients ?\". D\u00e9terminez ce que vos clients ou votre public cible aiment, car l'objectif des produits de marque est de fournir quelque chose que votre public cible trouve utile. Commencez votre projet Ce que nous [...]<\/p>","protected":false},"author":2,"featured_media":0,"parent":0,"menu_order":0,"comment_status":"closed","ping_status":"closed","template":"","meta":{"_eb_attr":"","_monsterinsights_skip_tracking":false,"_monsterinsights_sitenote_active":false,"_monsterinsights_sitenote_note":"","_monsterinsights_sitenote_category":0,"footnotes":""},"class_list":["post-61538","page","type-page","status-publish","hentry"],"aioseo_notices":[],"jetpack_sharing_enabled":true,"_links":{"self":[{"href":"https:\/\/prodiktion.com\/fr\/wp-json\/wp\/v2\/pages\/61538","targetHints":{"allow":["GET"]}}],"collection":[{"href":"https:\/\/prodiktion.com\/fr\/wp-json\/wp\/v2\/pages"}],"about":[{"href":"https:\/\/prodiktion.com\/fr\/wp-json\/wp\/v2\/types\/page"}],"author":[{"embeddable":true,"href":"https:\/\/prodiktion.com\/fr\/wp-json\/wp\/v2\/users\/2"}],"replies":[{"embeddable":true,"href":"https:\/\/prodiktion.com\/fr\/wp-json\/wp\/v2\/comments?post=61538"}],"version-history":[{"count":5,"href":"https:\/\/prodiktion.com\/fr\/wp-json\/wp\/v2\/pages\/61538\/revisions"}],"predecessor-version":[{"id":62275,"href":"https:\/\/prodiktion.com\/fr\/wp-json\/wp\/v2\/pages\/61538\/revisions\/62275"}],"wp:attachment":[{"href":"https:\/\/prodiktion.com\/fr\/wp-json\/wp\/v2\/media?parent=61538"}],"curies":[{"name":"wp","href":"https:\/\/api.w.org\/{rel}","templated":true}]}}