{"id":61534,"date":"2022-07-11T15:14:59","date_gmt":"2022-07-11T15:14:59","guid":{"rendered":"https:\/\/prodiktion.com\/?page_id=61534"},"modified":"2023-06-19T03:39:01","modified_gmt":"2023-06-19T03:39:01","slug":"startup","status":"publish","type":"page","link":"https:\/\/prodiktion.com\/fr\/startup\/","title":{"rendered":"D\u00e9marrage"},"content":{"rendered":"<div data-elementor-type=\"wp-page\" data-elementor-id=\"61534\" class=\"elementor elementor-61534\">\n\t\t\t\t\t\t<section class=\"elementor-section elementor-top-section elementor-element elementor-element-3e4cb96f elementor-section-boxed elementor-section-height-default elementor-section-height-default\" data-id=\"3e4cb96f\" data-element_type=\"section\" data-settings=\"{&quot;background_background&quot;:&quot;classic&quot;}\">\n\t\t\t\t\t\t<div class=\"elementor-container elementor-column-gap-wider\">\n\t\t\t\t\t<div class=\"elementor-column elementor-col-50 elementor-top-column elementor-element elementor-element-911c370\" data-id=\"911c370\" data-element_type=\"column\">\n\t\t\t<div class=\"elementor-widget-wrap elementor-element-populated\">\n\t\t\t\t\t\t<div class=\"elementor-element elementor-element-45384c17 elementor-widget elementor-widget-text-editor\" data-id=\"45384c17\" data-element_type=\"widget\" data-widget_type=\"text-editor.default\">\n\t\t\t\t<div class=\"elementor-widget-container\">\n\t\t\t\t\t\t\t\t\t<p>Nos services<\/p>\t\t\t\t\t\t\t\t<\/div>\n\t\t\t\t<\/div>\n\t\t\t\t<div class=\"elementor-element elementor-element-cc7f7f5 title-divider elementor-widget-divider--view-line elementor-widget elementor-widget-divider\" data-id=\"cc7f7f5\" data-element_type=\"widget\" data-widget_type=\"divider.default\">\n\t\t\t\t<div class=\"elementor-widget-container\">\n\t\t\t\t\t\t\t<div class=\"elementor-divider\">\n\t\t\t<span class=\"elementor-divider-separator\">\n\t\t\t\t\t\t<\/span>\n\t\t<\/div>\n\t\t\t\t\t\t<\/div>\n\t\t\t\t<\/div>\n\t\t\t\t\t<\/div>\n\t\t<\/div>\n\t\t\t\t<div class=\"elementor-column elementor-col-50 elementor-top-column elementor-element elementor-element-71a8b821\" data-id=\"71a8b821\" data-element_type=\"column\">\n\t\t\t<div class=\"elementor-widget-wrap elementor-element-populated\">\n\t\t\t\t\t\t<div class=\"elementor-element elementor-element-48e4cd54 elementor-invisible elementor-widget elementor-widget-heading\" data-id=\"48e4cd54\" data-element_type=\"widget\" data-settings=\"{&quot;_animation&quot;:&quot;fadeIn&quot;}\" data-widget_type=\"heading.default\">\n\t\t\t\t<div class=\"elementor-widget-container\">\n\t\t\t\t\t<h1 class=\"elementor-heading-title elementor-size-default\">Pack Startup.<\/h1>\t\t\t\t<\/div>\n\t\t\t\t<\/div>\n\t\t\t\t<div class=\"elementor-element elementor-element-443c69cc elementor-invisible elementor-widget elementor-widget-text-editor\" data-id=\"443c69cc\" data-element_type=\"widget\" data-settings=\"{&quot;_animation&quot;:&quot;fadeIn&quot;}\" data-widget_type=\"text-editor.default\">\n\t\t\t\t<div class=\"elementor-widget-container\">\n\t\t\t\t\t\t\t\t\t<p>Nous vous pr\u00e9sentons notre \"Startup Package\", sp\u00e9cialement con\u00e7u pour permettre aux nouvelles entreprises de s'\u00e9panouir et de les soutenir sur la voie du succ\u00e8s.<\/p>\t\t\t\t\t\t\t\t<\/div>\n\t\t\t\t<\/div>\n\t\t\t\t<div class=\"elementor-element elementor-element-19ebfbe9 elementor-invisible elementor-widget elementor-widget-button\" data-id=\"19ebfbe9\" data-element_type=\"widget\" data-settings=\"{&quot;_animation&quot;:&quot;fadeIn&quot;,&quot;_animation_delay&quot;:500}\" data-widget_type=\"button.default\">\n\t\t\t\t<div class=\"elementor-widget-container\">\n\t\t\t\t\t\t\t\t\t<div class=\"elementor-button-wrapper\">\n\t\t\t\t\t<a class=\"elementor-button elementor-button-link elementor-size-sm elementor-animation-shrink\" href=\"https:\/\/prodiktion.com\/fr\/contact-us-3\/\">\n\t\t\t\t\t\t<span class=\"elementor-button-content-wrapper\">\n\t\t\t\t\t\t\t\t\t<span class=\"elementor-button-text\">D\u00e9marrer votre projet<\/span>\n\t\t\t\t\t<\/span>\n\t\t\t\t\t<\/a>\n\t\t\t\t<\/div>\n\t\t\t\t\t\t\t\t<\/div>\n\t\t\t\t<\/div>\n\t\t\t\t\t<\/div>\n\t\t<\/div>\n\t\t\t\t\t<\/div>\n\t\t<\/section>\n\t\t\t\t<section class=\"elementor-section elementor-top-section elementor-element elementor-element-6c4480fe elementor-section-boxed elementor-section-height-default elementor-section-height-default\" data-id=\"6c4480fe\" data-element_type=\"section\" data-settings=\"{&quot;background_background&quot;:&quot;classic&quot;}\">\n\t\t\t\t\t\t\t<div class=\"elementor-background-overlay\"><\/div>\n\t\t\t\t\t\t\t<div class=\"elementor-container elementor-column-gap-default\">\n\t\t\t\t\t<div class=\"elementor-column elementor-col-100 elementor-top-column elementor-element elementor-element-126c09cd\" data-id=\"126c09cd\" data-element_type=\"column\">\n\t\t\t<div class=\"elementor-widget-wrap elementor-element-populated\">\n\t\t\t\t\t\t<div class=\"elementor-element elementor-element-22a796dc elementor-widget elementor-widget-spacer\" data-id=\"22a796dc\" data-element_type=\"widget\" data-widget_type=\"spacer.default\">\n\t\t\t\t<div class=\"elementor-widget-container\">\n\t\t\t\t\t\t\t<div class=\"elementor-spacer\">\n\t\t\t<div class=\"elementor-spacer-inner\"><\/div>\n\t\t<\/div>\n\t\t\t\t\t\t<\/div>\n\t\t\t\t<\/div>\n\t\t\t\t\t<\/div>\n\t\t<\/div>\n\t\t\t\t\t<\/div>\n\t\t<\/section>\n\t\t\t\t<section class=\"elementor-section elementor-top-section elementor-element elementor-element-182d71ce elementor-section-boxed elementor-section-height-default elementor-section-height-default\" data-id=\"182d71ce\" data-element_type=\"section\">\n\t\t\t\t\t\t<div class=\"elementor-container elementor-column-gap-wider\">\n\t\t\t\t\t<div class=\"elementor-column elementor-col-100 elementor-top-column elementor-element elementor-element-e8810a4\" data-id=\"e8810a4\" data-element_type=\"column\">\n\t\t\t<div class=\"elementor-widget-wrap elementor-element-populated\">\n\t\t\t\t\t\t<div class=\"elementor-element elementor-element-87bb197 elementor-widget elementor-widget-text-editor\" data-id=\"87bb197\" data-element_type=\"widget\" data-widget_type=\"text-editor.default\">\n\t\t\t\t<div class=\"elementor-widget-container\">\n\t\t\t\t\t\t\t\t\t<p>Ce que nous proposons<\/p>\t\t\t\t\t\t\t\t<\/div>\n\t\t\t\t<\/div>\n\t\t\t\t<div class=\"elementor-element elementor-element-385cb823 title-divider elementor-widget-divider--view-line elementor-widget elementor-widget-divider\" data-id=\"385cb823\" data-element_type=\"widget\" data-widget_type=\"divider.default\">\n\t\t\t\t<div class=\"elementor-widget-container\">\n\t\t\t\t\t\t\t<div class=\"elementor-divider\">\n\t\t\t<span class=\"elementor-divider-separator\">\n\t\t\t\t\t\t<\/span>\n\t\t<\/div>\n\t\t\t\t\t\t<\/div>\n\t\t\t\t<\/div>\n\t\t\t\t<div class=\"elementor-element elementor-element-21aa27b8 elementor-invisible elementor-widget elementor-widget-heading\" data-id=\"21aa27b8\" data-element_type=\"widget\" data-settings=\"{&quot;_animation&quot;:&quot;fadeIn&quot;}\" data-widget_type=\"heading.default\">\n\t\t\t\t<div class=\"elementor-widget-container\">\n\t\t\t\t\t<h2 class=\"elementor-heading-title elementor-size-default\">Services et ressources essentiels.<\/h2>\t\t\t\t<\/div>\n\t\t\t\t<\/div>\n\t\t\t\t\t<\/div>\n\t\t<\/div>\n\t\t\t\t\t<\/div>\n\t\t<\/section>\n\t\t\t\t<section class=\"elementor-section elementor-top-section elementor-element elementor-element-248afde9 elementor-section-boxed elementor-section-height-default elementor-section-height-default\" data-id=\"248afde9\" data-element_type=\"section\">\n\t\t\t\t\t\t<div class=\"elementor-container elementor-column-gap-default\">\n\t\t\t\t\t<div class=\"elementor-column elementor-col-100 elementor-top-column elementor-element elementor-element-2fe0b5d5\" data-id=\"2fe0b5d5\" data-element_type=\"column\">\n\t\t\t<div class=\"elementor-widget-wrap elementor-element-populated\">\n\t\t\t\t\t\t<div class=\"elementor-element elementor-element-5670638c elementor-position-left elementor-vertical-align-top elementor-invisible elementor-widget elementor-widget-image-box\" data-id=\"5670638c\" data-element_type=\"widget\" data-settings=\"{&quot;_animation&quot;:&quot;fadeIn&quot;,&quot;_animation_delay&quot;:800}\" data-widget_type=\"image-box.default\">\n\t\t\t\t<div class=\"elementor-widget-container\">\n\t\t\t\t\t<div class=\"elementor-image-box-wrapper\"><figure class=\"elementor-image-box-img\"><img decoding=\"async\" width=\"100\" height=\"100\" src=\"https:\/\/i0.wp.com\/prodiktion.com\/wp-content\/uploads\/icons8-iphone-x-100.png?fit=100%2C100&amp;ssl=1\" class=\"elementor-animation-grow attachment-full size-full wp-image-61779\" alt=\"\" \/><\/figure><div class=\"elementor-image-box-content\"><h3 class=\"elementor-image-box-title\">Vous souhaitez cr\u00e9er une nouvelle entreprise ?<\/h3><p class=\"elementor-image-box-description\">Veuillez choisir ce dont vous avez besoin ci-dessous et nous personnaliserons un forfait en fonction de vos besoins :<br>\n\nLogo<br>\nCarte de visite<br>\nConfiguration du papier \u00e0 lettres dans Word<br>\nBanni\u00e8re \u00e0 tirer - peut \u00eatre facilement transport\u00e9e<br>\nPosters \/ Flyers \/ Brochures \/ Fiches d'information<br>\nTampon en caoutchouc<br>\nMod\u00e8le PowerPoint pour les pr\u00e9sentations<br>\nCadeaux et v\u00eatements promotionnels<br>\nSignature du courriel<br>\nConception d'un mod\u00e8le d'e-mailer<br>\nEnregistrement du nom de domaine, Adresse \u00e9lectronique<br>\nH\u00e9bergement de courrier \u00e9lectronique et de sites web<br>\nPage d'attente pour le domaine - pendant que nous concevons votre site web<br>\nConception du site web<br>\nM\u00e9dias sociaux : Facebook \/ Twitter \/ LinkedIn \/ Instagram\/ TikTok setup<br>\nSignalisation, marquage des v\u00e9hicules<br><\/p><\/div><\/div>\t\t\t\t<\/div>\n\t\t\t\t<\/div>\n\t\t\t\t\t<\/div>\n\t\t<\/div>\n\t\t\t\t\t<\/div>\n\t\t<\/section>\n\t\t\t\t<section class=\"elementor-section elementor-top-section elementor-element elementor-element-4fc34701 elementor-section-boxed elementor-section-height-default elementor-section-height-default\" data-id=\"4fc34701\" data-element_type=\"section\">\n\t\t\t\t\t\t<div class=\"elementor-container elementor-column-gap-wider\">\n\t\t\t\t\t<div class=\"elementor-column elementor-col-100 elementor-top-column elementor-element elementor-element-60eed182\" data-id=\"60eed182\" data-element_type=\"column\">\n\t\t\t<div class=\"elementor-widget-wrap elementor-element-populated\">\n\t\t\t\t\t\t<div class=\"elementor-element elementor-element-1201ad7f elementor-invisible elementor-widget elementor-widget-heading\" data-id=\"1201ad7f\" data-element_type=\"widget\" data-settings=\"{&quot;_animation&quot;:&quot;fadeIn&quot;}\" data-widget_type=\"heading.default\">\n\t\t\t\t<div class=\"elementor-widget-container\">\n\t\t\t\t\t<h2 class=\"elementor-heading-title elementor-size-default\">Votre vision, notre expertise.<\/h2>\t\t\t\t<\/div>\n\t\t\t\t<\/div>\n\t\t\t\t\t<\/div>\n\t\t<\/div>\n\t\t\t\t\t<\/div>\n\t\t<\/section>\n\t\t\t\t<section class=\"elementor-section elementor-top-section elementor-element elementor-element-248b0505 elementor-section-boxed elementor-section-height-default elementor-section-height-default elementor-invisible\" data-id=\"248b0505\" data-element_type=\"section\" data-settings=\"{&quot;animation&quot;:&quot;fadeIn&quot;,&quot;animation_delay&quot;:500}\">\n\t\t\t\t\t\t<div class=\"elementor-container elementor-column-gap-wider\">\n\t\t\t\t\t<div class=\"elementor-column elementor-col-50 elementor-top-column elementor-element elementor-element-3f956ccc\" data-id=\"3f956ccc\" data-element_type=\"column\">\n\t\t\t<div class=\"elementor-widget-wrap elementor-element-populated\">\n\t\t\t\t\t\t<div class=\"elementor-element elementor-element-d869386 elementor-widget elementor-widget-text-editor\" data-id=\"d869386\" data-element_type=\"widget\" data-widget_type=\"text-editor.default\">\n\t\t\t\t<div class=\"elementor-widget-container\">\n\t\t\t\t\t\t\t\t\t<p>Nos services<\/p>\t\t\t\t\t\t\t\t<\/div>\n\t\t\t\t<\/div>\n\t\t\t\t<div class=\"elementor-element elementor-element-c7d2b60 title-divider elementor-widget-divider--view-line elementor-widget elementor-widget-divider\" data-id=\"c7d2b60\" data-element_type=\"widget\" data-widget_type=\"divider.default\">\n\t\t\t\t<div class=\"elementor-widget-container\">\n\t\t\t\t\t\t\t<div class=\"elementor-divider\">\n\t\t\t<span class=\"elementor-divider-separator\">\n\t\t\t\t\t\t<\/span>\n\t\t<\/div>\n\t\t\t\t\t\t<\/div>\n\t\t\t\t<\/div>\n\t\t\t\t\t<\/div>\n\t\t<\/div>\n\t\t\t\t<div class=\"elementor-column elementor-col-50 elementor-top-column elementor-element elementor-element-55f14155\" data-id=\"55f14155\" data-element_type=\"column\">\n\t\t\t<div class=\"elementor-widget-wrap elementor-element-populated\">\n\t\t\t\t\t\t<div class=\"elementor-element elementor-element-3221fc08 elementor-widget elementor-widget-text-editor\" data-id=\"3221fc08\" data-element_type=\"widget\" data-widget_type=\"text-editor.default\">\n\t\t\t\t<div class=\"elementor-widget-container\">\n\t\t\t\t\t\t\t\t\t<p>Notre programme d'aide \u00e0 la cr\u00e9ation d'entreprise est con\u00e7u pour \u00eatre abordable et modulable, et adapt\u00e9 aux besoins sp\u00e9cifiques et au budget de votre nouvelle entreprise. En investissant dans notre offre compl\u00e8te, vous disposerez des outils essentiels et des conseils de professionnels pour lancer votre entreprise en toute confiance et avoir un impact fort sur le march\u00e9.<\/p>\t\t\t\t\t\t\t\t<\/div>\n\t\t\t\t<\/div>\n\t\t\t\t\t<\/div>\n\t\t<\/div>\n\t\t\t\t\t<\/div>\n\t\t<\/section>\n\t\t\t\t<section class=\"elementor-section elementor-top-section elementor-element elementor-element-1f95f67c elementor-section-boxed elementor-section-height-default elementor-section-height-default\" data-id=\"1f95f67c\" data-element_type=\"section\" data-settings=\"{&quot;background_background&quot;:&quot;classic&quot;}\">\n\t\t\t\t\t\t\t<div class=\"elementor-background-overlay\"><\/div>\n\t\t\t\t\t\t\t<div class=\"elementor-container elementor-column-gap-default\">\n\t\t\t\t\t<div class=\"elementor-column elementor-col-100 elementor-top-column elementor-element elementor-element-29c9d7c4\" data-id=\"29c9d7c4\" data-element_type=\"column\">\n\t\t\t<div class=\"elementor-widget-wrap elementor-element-populated\">\n\t\t\t\t\t\t<div class=\"elementor-element elementor-element-795dab2b elementor-invisible elementor-widget elementor-widget-heading\" data-id=\"795dab2b\" data-element_type=\"widget\" data-settings=\"{&quot;_animation&quot;:&quot;fadeIn&quot;}\" data-widget_type=\"heading.default\">\n\t\t\t\t<div class=\"elementor-widget-container\">\n\t\t\t\t\t<h2 class=\"elementor-heading-title elementor-size-default\">parlons-en.<\/h2>\t\t\t\t<\/div>\n\t\t\t\t<\/div>\n\t\t\t\t<div class=\"elementor-element elementor-element-219d4591 elementor-invisible elementor-widget elementor-widget-text-editor\" data-id=\"219d4591\" data-element_type=\"widget\" data-settings=\"{&quot;_animation&quot;:&quot;fadeIn&quot;}\" data-widget_type=\"text-editor.default\">\n\t\t\t\t<div class=\"elementor-widget-container\">\n\t\t\t\t\t\t\t\t\t<p>Notre formule de base est propos\u00e9e \u00e0 partir de 4000 roupies et comprend :<br \/>Conception de logos, d'en-t\u00eates de lettres, de cartes de visite et conception de tampon en caoutchouc<\/p>\t\t\t\t\t\t\t\t<\/div>\n\t\t\t\t<\/div>\n\t\t\t\t<div class=\"elementor-element elementor-element-5940f165 elementor-invisible elementor-widget elementor-widget-button\" data-id=\"5940f165\" data-element_type=\"widget\" data-settings=\"{&quot;_animation&quot;:&quot;fadeIn&quot;,&quot;_animation_delay&quot;:500}\" data-widget_type=\"button.default\">\n\t\t\t\t<div class=\"elementor-widget-container\">\n\t\t\t\t\t\t\t\t\t<div class=\"elementor-button-wrapper\">\n\t\t\t\t\t<a class=\"elementor-button elementor-button-link elementor-size-sm elementor-animation-shrink\" href=\"https:\/\/prodiktion.com\/fr\/contact-us-3\/\">\n\t\t\t\t\t\t<span class=\"elementor-button-content-wrapper\">\n\t\t\t\t\t\t\t\t\t<span class=\"elementor-button-text\">D\u00e9marrer votre projet<\/span>\n\t\t\t\t\t<\/span>\n\t\t\t\t\t<\/a>\n\t\t\t\t<\/div>\n\t\t\t\t\t\t\t\t<\/div>\n\t\t\t\t<\/div>\n\t\t\t\t\t<\/div>\n\t\t<\/div>\n\t\t\t\t\t<\/div>\n\t\t<\/section>\n\t\t\t\t<\/div>","protected":false},"excerpt":{"rendered":"<p>Nos services Offre de d\u00e9marrage. Nous vous pr\u00e9sentons notre programme d'aide \u00e0 la cr\u00e9ation d'entreprise, sp\u00e9cialement con\u00e7u pour soutenir les nouvelles entreprises sur la voie de la r\u00e9ussite. D\u00e9marrez votre projet Ce que nous offrons Services et ressources essentiels. Vous souhaitez cr\u00e9er une nouvelle entreprise ? Choisissez ce dont vous avez besoin ci-dessous et nous vous proposerons un forfait personnalis\u00e9 en fonction de vos [...]<\/p>","protected":false},"author":2,"featured_media":0,"parent":0,"menu_order":0,"comment_status":"closed","ping_status":"closed","template":"","meta":{"_eb_attr":"","_monsterinsights_skip_tracking":false,"_monsterinsights_sitenote_active":false,"_monsterinsights_sitenote_note":"","_monsterinsights_sitenote_category":0,"footnotes":""},"class_list":["post-61534","page","type-page","status-publish","hentry"],"aioseo_notices":[],"jetpack_sharing_enabled":true,"_links":{"self":[{"href":"https:\/\/prodiktion.com\/fr\/wp-json\/wp\/v2\/pages\/61534","targetHints":{"allow":["GET"]}}],"collection":[{"href":"https:\/\/prodiktion.com\/fr\/wp-json\/wp\/v2\/pages"}],"about":[{"href":"https:\/\/prodiktion.com\/fr\/wp-json\/wp\/v2\/types\/page"}],"author":[{"embeddable":true,"href":"https:\/\/prodiktion.com\/fr\/wp-json\/wp\/v2\/users\/2"}],"replies":[{"embeddable":true,"href":"https:\/\/prodiktion.com\/fr\/wp-json\/wp\/v2\/comments?post=61534"}],"version-history":[{"count":5,"href":"https:\/\/prodiktion.com\/fr\/wp-json\/wp\/v2\/pages\/61534\/revisions"}],"predecessor-version":[{"id":62287,"href":"https:\/\/prodiktion.com\/fr\/wp-json\/wp\/v2\/pages\/61534\/revisions\/62287"}],"wp:attachment":[{"href":"https:\/\/prodiktion.com\/fr\/wp-json\/wp\/v2\/media?parent=61534"}],"curies":[{"name":"wp","href":"https:\/\/api.w.org\/{rel}","templated":true}]}}