{"id":61508,"date":"2022-07-10T03:08:50","date_gmt":"2022-07-10T03:08:50","guid":{"rendered":"https:\/\/prodiktion.com\/?page_id=61508"},"modified":"2023-06-19T03:52:03","modified_gmt":"2023-06-19T03:52:03","slug":"social-media-marketing-2","status":"publish","type":"page","link":"https:\/\/prodiktion.com\/fr\/social-media-marketing-2\/","title":{"rendered":"Marketing des m\u00e9dias sociaux"},"content":{"rendered":"<div data-elementor-type=\"wp-page\" data-elementor-id=\"61508\" class=\"elementor elementor-61508\">\n\t\t\t\t\t\t<section class=\"elementor-section elementor-top-section elementor-element elementor-element-17eb88e4 elementor-section-boxed elementor-section-height-default elementor-section-height-default\" data-id=\"17eb88e4\" data-element_type=\"section\" data-settings=\"{&quot;background_background&quot;:&quot;classic&quot;}\">\n\t\t\t\t\t\t<div class=\"elementor-container elementor-column-gap-wider\">\n\t\t\t\t\t<div class=\"elementor-column elementor-col-50 elementor-top-column elementor-element elementor-element-1cf360f8\" data-id=\"1cf360f8\" data-element_type=\"column\">\n\t\t\t<div class=\"elementor-widget-wrap elementor-element-populated\">\n\t\t\t\t\t\t<div class=\"elementor-element elementor-element-53c5c56 elementor-widget elementor-widget-text-editor\" data-id=\"53c5c56\" data-element_type=\"widget\" data-widget_type=\"text-editor.default\">\n\t\t\t\t<div class=\"elementor-widget-container\">\n\t\t\t\t\t\t\t\t\t<p>Nos services<\/p>\t\t\t\t\t\t\t\t<\/div>\n\t\t\t\t<\/div>\n\t\t\t\t<div class=\"elementor-element elementor-element-5c5ad9c7 title-divider elementor-widget-divider--view-line elementor-widget elementor-widget-divider\" data-id=\"5c5ad9c7\" data-element_type=\"widget\" data-widget_type=\"divider.default\">\n\t\t\t\t<div class=\"elementor-widget-container\">\n\t\t\t\t\t\t\t<div class=\"elementor-divider\">\n\t\t\t<span class=\"elementor-divider-separator\">\n\t\t\t\t\t\t<\/span>\n\t\t<\/div>\n\t\t\t\t\t\t<\/div>\n\t\t\t\t<\/div>\n\t\t\t\t\t<\/div>\n\t\t<\/div>\n\t\t\t\t<div class=\"elementor-column elementor-col-50 elementor-top-column elementor-element elementor-element-53e9e094\" data-id=\"53e9e094\" data-element_type=\"column\">\n\t\t\t<div class=\"elementor-widget-wrap elementor-element-populated\">\n\t\t\t\t\t\t<div class=\"elementor-element elementor-element-21dff7b5 elementor-invisible elementor-widget elementor-widget-heading\" data-id=\"21dff7b5\" data-element_type=\"widget\" data-settings=\"{&quot;_animation&quot;:&quot;fadeIn&quot;}\" data-widget_type=\"heading.default\">\n\t\t\t\t<div class=\"elementor-widget-container\">\n\t\t\t\t\t<h1 class=\"elementor-heading-title elementor-size-default\">Marketing des m\u00e9dias sociaux.<\/h1>\t\t\t\t<\/div>\n\t\t\t\t<\/div>\n\t\t\t\t<div class=\"elementor-element elementor-element-5ff8f338 elementor-invisible elementor-widget elementor-widget-text-editor\" data-id=\"5ff8f338\" data-element_type=\"widget\" data-settings=\"{&quot;_animation&quot;:&quot;fadeIn&quot;}\" data-widget_type=\"text-editor.default\">\n\t\t\t\t<div class=\"elementor-widget-container\">\n\t\t\t\t\t\t\t\t\t<p class=\"translation-block\">Une strat\u00e9gie sociale efficace peut aider vous d\u00e9veloppez votre activit\u00e9, maintenir votre pr\u00e9sence sociale et s'engager avec le public.<\/p>\t\t\t\t\t\t\t\t<\/div>\n\t\t\t\t<\/div>\n\t\t\t\t<div class=\"elementor-element elementor-element-7e26ccdc elementor-invisible elementor-widget elementor-widget-button\" data-id=\"7e26ccdc\" data-element_type=\"widget\" data-settings=\"{&quot;_animation&quot;:&quot;fadeIn&quot;,&quot;_animation_delay&quot;:500}\" data-widget_type=\"button.default\">\n\t\t\t\t<div class=\"elementor-widget-container\">\n\t\t\t\t\t\t\t\t\t<div class=\"elementor-button-wrapper\">\n\t\t\t\t\t<a class=\"elementor-button elementor-button-link elementor-size-sm elementor-animation-shrink\" href=\"https:\/\/prodiktion.com\/fr\/contact-us-3\/\">\n\t\t\t\t\t\t<span class=\"elementor-button-content-wrapper\">\n\t\t\t\t\t\t\t\t\t<span class=\"elementor-button-text\">D\u00e9marrer votre projet<\/span>\n\t\t\t\t\t<\/span>\n\t\t\t\t\t<\/a>\n\t\t\t\t<\/div>\n\t\t\t\t\t\t\t\t<\/div>\n\t\t\t\t<\/div>\n\t\t\t\t\t<\/div>\n\t\t<\/div>\n\t\t\t\t\t<\/div>\n\t\t<\/section>\n\t\t\t\t<section class=\"elementor-section elementor-top-section elementor-element elementor-element-c2f94f elementor-section-boxed elementor-section-height-default elementor-section-height-default\" data-id=\"c2f94f\" data-element_type=\"section\" data-settings=\"{&quot;background_background&quot;:&quot;classic&quot;}\">\n\t\t\t\t\t\t\t<div class=\"elementor-background-overlay\"><\/div>\n\t\t\t\t\t\t\t<div class=\"elementor-container elementor-column-gap-default\">\n\t\t\t\t\t<div class=\"elementor-column elementor-col-100 elementor-top-column elementor-element elementor-element-4e8541a8\" data-id=\"4e8541a8\" data-element_type=\"column\">\n\t\t\t<div class=\"elementor-widget-wrap elementor-element-populated\">\n\t\t\t\t\t\t<div class=\"elementor-element elementor-element-2ce21014 elementor-widget elementor-widget-spacer\" data-id=\"2ce21014\" data-element_type=\"widget\" data-widget_type=\"spacer.default\">\n\t\t\t\t<div class=\"elementor-widget-container\">\n\t\t\t\t\t\t\t<div class=\"elementor-spacer\">\n\t\t\t<div class=\"elementor-spacer-inner\"><\/div>\n\t\t<\/div>\n\t\t\t\t\t\t<\/div>\n\t\t\t\t<\/div>\n\t\t\t\t\t<\/div>\n\t\t<\/div>\n\t\t\t\t\t<\/div>\n\t\t<\/section>\n\t\t\t\t<section class=\"elementor-section elementor-top-section elementor-element elementor-element-681aa826 elementor-section-boxed elementor-section-height-default elementor-section-height-default\" data-id=\"681aa826\" data-element_type=\"section\">\n\t\t\t\t\t\t<div class=\"elementor-container elementor-column-gap-wider\">\n\t\t\t\t\t<div class=\"elementor-column elementor-col-100 elementor-top-column elementor-element elementor-element-14b2bebf\" data-id=\"14b2bebf\" data-element_type=\"column\">\n\t\t\t<div class=\"elementor-widget-wrap elementor-element-populated\">\n\t\t\t\t\t\t<div class=\"elementor-element elementor-element-7ac7e12 elementor-widget elementor-widget-text-editor\" data-id=\"7ac7e12\" data-element_type=\"widget\" data-widget_type=\"text-editor.default\">\n\t\t\t\t<div class=\"elementor-widget-container\">\n\t\t\t\t\t\t\t\t\t<p>Ce que nous proposons<\/p>\t\t\t\t\t\t\t\t<\/div>\n\t\t\t\t<\/div>\n\t\t\t\t<div class=\"elementor-element elementor-element-fddc8c3 title-divider elementor-widget-divider--view-line elementor-widget elementor-widget-divider\" data-id=\"fddc8c3\" data-element_type=\"widget\" data-widget_type=\"divider.default\">\n\t\t\t\t<div class=\"elementor-widget-container\">\n\t\t\t\t\t\t\t<div class=\"elementor-divider\">\n\t\t\t<span class=\"elementor-divider-separator\">\n\t\t\t\t\t\t<\/span>\n\t\t<\/div>\n\t\t\t\t\t\t<\/div>\n\t\t\t\t<\/div>\n\t\t\t\t<div class=\"elementor-element elementor-element-65a7342f elementor-invisible elementor-widget elementor-widget-heading\" data-id=\"65a7342f\" data-element_type=\"widget\" data-settings=\"{&quot;_animation&quot;:&quot;fadeIn&quot;}\" data-widget_type=\"heading.default\">\n\t\t\t\t<div class=\"elementor-widget-container\">\n\t\t\t\t\t<h2 class=\"elementor-heading-title elementor-size-default\">CE QUE NOUS FAISONS ?<\/h2>\t\t\t\t<\/div>\n\t\t\t\t<\/div>\n\t\t\t\t<div class=\"elementor-element elementor-element-3d1b7e70 elementor-vertical-align-top elementor-invisible elementor-widget elementor-widget-image-box\" data-id=\"3d1b7e70\" data-element_type=\"widget\" data-settings=\"{&quot;_animation&quot;:&quot;fadeIn&quot;,&quot;_animation_delay&quot;:400}\" data-widget_type=\"image-box.default\">\n\t\t\t\t<div class=\"elementor-widget-container\">\n\t\t\t\t\t<div class=\"elementor-image-box-wrapper\"><div class=\"elementor-image-box-content\"><p class=\"elementor-image-box-description\">Nous sommes une agence \u00e0 service complet. Nos experts en m\u00e9dias sociaux peuvent vous aider \u00e0 d\u00e9finir vos objectifs commerciaux, \u00e0 identifier votre public cible, \u00e0 cr\u00e9er un contenu attrayant et digne d'\u00eatre partag\u00e9 et enfin \u00e0 int\u00e9grer vos m\u00e9dias sociaux \u00e0 tous les autres aspects de votre pr\u00e9sence en ligne.\n\nNous \u00e9laborerons des strat\u00e9gies de marketing des m\u00e9dias sociaux sp\u00e9cialement con\u00e7ues pour votre marque et votre public. Vous obtiendrez des programmes sociaux enti\u00e8rement pris en charge et g\u00e9r\u00e9s, la planification (et la g\u00e9n\u00e9ration) de contenu, la sensibilisation des blogueurs et la distribution de vid\u00e9os parmi d'autres services qui visent \u00e0 attirer de nouveaux clients et \u00e0 augmenter votre rentabilit\u00e9.\n\nNos services de m\u00e9dias sociaux vous donnent la possibilit\u00e9 de vous connecter et de partager des informations, ce qui permet d'accro\u00eetre la notori\u00e9t\u00e9 de la marque, du produit ou du service. Les r\u00e9sultats de la publicit\u00e9 dans les m\u00e9dias sociaux se refl\u00e8tent dans le nombre de re-tweets, de partages, de commentaires, de likes et de vues. Le marketing des m\u00e9dias sociaux encourage le contenu g\u00e9n\u00e9r\u00e9 par les utilisateurs au sein des plateformes de m\u00e9dias sociaux les plus populaires telles que Facebook, Google+, Twitter, Pinterest et LinkedIn.<\/p><\/div><\/div>\t\t\t\t<\/div>\n\t\t\t\t<\/div>\n\t\t\t\t\t<\/div>\n\t\t<\/div>\n\t\t\t\t\t<\/div>\n\t\t<\/section>\n\t\t\t\t<section class=\"elementor-section elementor-top-section elementor-element elementor-element-1d348767 elementor-section-boxed elementor-section-height-default elementor-section-height-default\" data-id=\"1d348767\" data-element_type=\"section\">\n\t\t\t\t\t\t<div class=\"elementor-container elementor-column-gap-wider\">\n\t\t\t\t\t<div class=\"elementor-column elementor-col-100 elementor-top-column elementor-element elementor-element-2ee83e7c\" data-id=\"2ee83e7c\" data-element_type=\"column\">\n\t\t\t<div class=\"elementor-widget-wrap elementor-element-populated\">\n\t\t\t\t\t\t<div class=\"elementor-element elementor-element-3714c538 elementor-invisible elementor-widget elementor-widget-heading\" data-id=\"3714c538\" data-element_type=\"widget\" data-settings=\"{&quot;_animation&quot;:&quot;fadeIn&quot;}\" data-widget_type=\"heading.default\">\n\t\t\t\t<div class=\"elementor-widget-container\">\n\t\t\t\t\t<h2 class=\"elementor-heading-title elementor-size-default\">CARACT\u00c9RISTIQUES PRINCIPALES.<\/h2>\t\t\t\t<\/div>\n\t\t\t\t<\/div>\n\t\t\t\t<div class=\"elementor-element elementor-element-170e63d4 elementor-position-left elementor-vertical-align-top elementor-invisible elementor-widget elementor-widget-image-box\" data-id=\"170e63d4\" data-element_type=\"widget\" data-settings=\"{&quot;_animation&quot;:&quot;fadeIn&quot;,&quot;_animation_delay&quot;:800}\" data-widget_type=\"image-box.default\">\n\t\t\t\t<div class=\"elementor-widget-container\">\n\t\t\t\t\t<div class=\"elementor-image-box-wrapper\"><figure class=\"elementor-image-box-img\"><img decoding=\"async\" width=\"100\" height=\"100\" src=\"https:\/\/i0.wp.com\/prodiktion.com\/wp-content\/uploads\/icons_s-1.png?fit=100%2C100&amp;ssl=1\" class=\"elementor-animation-grow attachment-full size-full wp-image-61647\" alt=\"\" \/><\/figure><div class=\"elementor-image-box-content\"><h3 class=\"elementor-image-box-title\">Gestion des m\u00e9dias sociaux<\/h3><p class=\"elementor-image-box-description\">Notre \u00e9quipe d'experts en m\u00e9dias sociaux peut g\u00e9rer vos comptes en votre nom et dialoguer avec votre public. Nous planifions \u00e9galement vos strat\u00e9gies de r\u00e9seaux sociaux en fonction des exigences sp\u00e9cifiques de votre site web, de votre entreprise ou de votre produit\/service.<br>\n\nLes services comprennent<br>\n*Strat\u00e9gie de pr\u00e9paration<br>\n*R\u00e9diger un contenu pertinent<br>\n*Conception de graphiques attrayants<br>\n*Publication sur vos canaux<br>\n*Gestion de la communaut\u00e9<br>\n*Rapports et perspectives<br><\/p><\/div><\/div>\t\t\t\t<\/div>\n\t\t\t\t<\/div>\n\t\t\t\t<div class=\"elementor-element elementor-element-ff0c4ff elementor-position-left elementor-vertical-align-top elementor-invisible elementor-widget elementor-widget-image-box\" data-id=\"ff0c4ff\" data-element_type=\"widget\" data-settings=\"{&quot;_animation&quot;:&quot;fadeIn&quot;,&quot;_animation_delay&quot;:800}\" data-widget_type=\"image-box.default\">\n\t\t\t\t<div class=\"elementor-widget-container\">\n\t\t\t\t\t<div class=\"elementor-image-box-wrapper\"><figure class=\"elementor-image-box-img\"><img decoding=\"async\" width=\"100\" height=\"100\" src=\"https:\/\/i0.wp.com\/prodiktion.com\/wp-content\/uploads\/ads_s-1.png?fit=100%2C100&amp;ssl=1\" class=\"elementor-animation-grow attachment-full size-full wp-image-61644\" alt=\"\" \/><\/figure><div class=\"elementor-image-box-content\"><h3 class=\"elementor-image-box-title\">Gestion des publicit\u00e9s sur les m\u00e9dias sociaux<\/h3><p class=\"elementor-image-box-description\">Des publicit\u00e9s cibl\u00e9es sur les m\u00e9dias sociaux pour atteindre votre public cible et augmenter la visibilit\u00e9 de votre marque. Au service des plateformes suivantes :<br>\n*Facebook<br>\n*Instagram<br>\n*LinkedIn<br>\n*Twitter<br>\n*Pinterest<br>\n*You tube<br><\/p><\/div><\/div>\t\t\t\t<\/div>\n\t\t\t\t<\/div>\n\t\t\t\t<div class=\"elementor-element elementor-element-98a7ddf elementor-position-left elementor-vertical-align-top elementor-invisible elementor-widget elementor-widget-image-box\" data-id=\"98a7ddf\" data-element_type=\"widget\" data-settings=\"{&quot;_animation&quot;:&quot;fadeIn&quot;,&quot;_animation_delay&quot;:800}\" data-widget_type=\"image-box.default\">\n\t\t\t\t<div class=\"elementor-widget-container\">\n\t\t\t\t\t<div class=\"elementor-image-box-wrapper\"><figure class=\"elementor-image-box-img\"><img decoding=\"async\" width=\"100\" height=\"100\" src=\"https:\/\/i0.wp.com\/prodiktion.com\/wp-content\/uploads\/contest_s-1.png?fit=100%2C100&amp;ssl=1\" class=\"elementor-animation-grow attachment-full size-full wp-image-61646\" alt=\"\" \/><\/figure><div class=\"elementor-image-box-content\"><h3 class=\"elementor-image-box-title\">Concours dans les m\u00e9dias sociaux<\/h3><p class=\"elementor-image-box-description\">Un concours sur Facebook, Twitter ou Pinterest peut augmenter votre trafic en peu de temps. Nos experts peuvent vous aider \u00e0 d\u00e9terminer le type de concours et la plateforme les mieux adapt\u00e9s \u00e0 votre marque.<\/p><\/div><\/div>\t\t\t\t<\/div>\n\t\t\t\t<\/div>\n\t\t\t\t<div class=\"elementor-element elementor-element-99e5456 elementor-position-left elementor-vertical-align-top elementor-invisible elementor-widget elementor-widget-image-box\" data-id=\"99e5456\" data-element_type=\"widget\" data-settings=\"{&quot;_animation&quot;:&quot;fadeIn&quot;,&quot;_animation_delay&quot;:800}\" data-widget_type=\"image-box.default\">\n\t\t\t\t<div class=\"elementor-widget-container\">\n\t\t\t\t\t<div class=\"elementor-image-box-wrapper\"><figure class=\"elementor-image-box-img\"><img loading=\"lazy\" decoding=\"async\" width=\"100\" height=\"100\" src=\"https:\/\/i0.wp.com\/prodiktion.com\/wp-content\/uploads\/Profile_S-1.png?fit=100%2C100&amp;ssl=1\" class=\"elementor-animation-grow attachment-full size-full wp-image-61650\" alt=\"\" \/><\/figure><div class=\"elementor-image-box-content\"><h3 class=\"elementor-image-box-title\">Configuration et conception de profils personnalis\u00e9s<\/h3><p class=\"elementor-image-box-description\">Nous cr\u00e9ons et personnalisons des profils de m\u00e9dias sociaux avec un contenu de qualit\u00e9 et une esth\u00e9tique qui r\u00e9sonne avec votre marque et votre public.<\/p><\/div><\/div>\t\t\t\t<\/div>\n\t\t\t\t<\/div>\n\t\t\t\t<div class=\"elementor-element elementor-element-b7ae5a9 elementor-position-left elementor-vertical-align-top elementor-invisible elementor-widget elementor-widget-image-box\" data-id=\"b7ae5a9\" data-element_type=\"widget\" data-settings=\"{&quot;_animation&quot;:&quot;fadeIn&quot;,&quot;_animation_delay&quot;:800}\" data-widget_type=\"image-box.default\">\n\t\t\t\t<div class=\"elementor-widget-container\">\n\t\t\t\t\t<div class=\"elementor-image-box-wrapper\"><figure class=\"elementor-image-box-img\"><img loading=\"lazy\" decoding=\"async\" width=\"100\" height=\"100\" src=\"https:\/\/i0.wp.com\/prodiktion.com\/wp-content\/uploads\/brand_s-1.png?fit=100%2C100&amp;ssl=1\" class=\"elementor-animation-grow attachment-full size-full wp-image-61645\" alt=\"\" \/><\/figure><div class=\"elementor-image-box-content\"><h3 class=\"elementor-image-box-title\">Surveillance de la marque<\/h3><p class=\"elementor-image-box-description\">Nous pouvons vous aider \u00e0 am\u00e9liorer et \u00e0 suivre la r\u00e9putation de votre entreprise et \u00e0 d\u00e9couvrir comment les gens per\u00e7oivent votre marque.<\/p><\/div><\/div>\t\t\t\t<\/div>\n\t\t\t\t<\/div>\n\t\t\t\t<div class=\"elementor-element elementor-element-940ddb6 elementor-position-left elementor-vertical-align-top elementor-invisible elementor-widget elementor-widget-image-box\" data-id=\"940ddb6\" data-element_type=\"widget\" data-settings=\"{&quot;_animation&quot;:&quot;fadeIn&quot;,&quot;_animation_delay&quot;:800}\" data-widget_type=\"image-box.default\">\n\t\t\t\t<div class=\"elementor-widget-container\">\n\t\t\t\t\t<div class=\"elementor-image-box-wrapper\"><figure class=\"elementor-image-box-img\"><img loading=\"lazy\" decoding=\"async\" width=\"100\" height=\"100\" src=\"https:\/\/i0.wp.com\/prodiktion.com\/wp-content\/uploads\/lead_s-1.png?fit=100%2C100&amp;ssl=1\" class=\"elementor-animation-grow attachment-full size-full wp-image-61648\" alt=\"\" \/><\/figure><div class=\"elementor-image-box-content\"><h3 class=\"elementor-image-box-title\">G\u00e9n\u00e9ration de leads vs. publicit\u00e9<\/h3><p class=\"elementor-image-box-description\">Si vous d\u00e9pensez r\u00e9guli\u00e8rement de l'argent en marketing, vous devez absolument comprendre cette diff\u00e9rence. Consid\u00e9rez la publicit\u00e9 comme la promotion d'une marque. Chaque fois que l'objectif principal de votre campagne est de montrer un peu de marketing \u00e0 un grand nombre de personnes, qu'il s'agisse d'informations sur vous, votre entreprise ou vos produits\/services, vous faites de la publicit\u00e9. La g\u00e9n\u00e9ration de leads est \u00e9galement connue sous le nom de marketing \u00e0 r\u00e9ponse directe. L'objectif du marketing est de susciter une action imm\u00e9diate. La plupart du temps, il s'agit de remplir un formulaire de contact et de vous transmettre les informations demand\u00e9es.<\/p><\/div><\/div>\t\t\t\t<\/div>\n\t\t\t\t<\/div>\n\t\t\t\t<div class=\"elementor-element elementor-element-c60d9d2 elementor-position-left elementor-vertical-align-top elementor-invisible elementor-widget elementor-widget-image-box\" data-id=\"c60d9d2\" data-element_type=\"widget\" data-settings=\"{&quot;_animation&quot;:&quot;fadeIn&quot;,&quot;_animation_delay&quot;:800}\" data-widget_type=\"image-box.default\">\n\t\t\t\t<div class=\"elementor-widget-container\">\n\t\t\t\t\t<div class=\"elementor-image-box-wrapper\"><figure class=\"elementor-image-box-img\"><img loading=\"lazy\" decoding=\"async\" width=\"100\" height=\"100\" src=\"https:\/\/i0.wp.com\/prodiktion.com\/wp-content\/uploads\/strategy_s-1.png?fit=100%2C100&amp;ssl=1\" class=\"elementor-animation-grow attachment-full size-full wp-image-61651\" alt=\"\" \/><\/figure><div class=\"elementor-image-box-content\"><h3 class=\"elementor-image-box-title\">Conseil en strat\u00e9gie<\/h3><p class=\"elementor-image-box-description\">Nous serons votre porte-flambeau et vous aiderons \u00e0 \u00e9laborer la strat\u00e9gie la plus adapt\u00e9e \u00e0 votre marque. Nos offres :<br>\n*D\u00e9veloppement de la strat\u00e9gie<br>\n*Identification du public cible<br>\n*Audit + Analyse concurrentielle<br>\n*Meilleures pratiques en mati\u00e8re de m\u00e9dias sociaux<br>\n*Concours et promotions<br>\n*Identification des influenceurs et sensibilisation<br><\/p><\/div><\/div>\t\t\t\t<\/div>\n\t\t\t\t<\/div>\n\t\t\t\t<div class=\"elementor-element elementor-element-5bf4c6b elementor-position-left elementor-vertical-align-top elementor-invisible elementor-widget elementor-widget-image-box\" data-id=\"5bf4c6b\" data-element_type=\"widget\" data-settings=\"{&quot;_animation&quot;:&quot;fadeIn&quot;,&quot;_animation_delay&quot;:800}\" data-widget_type=\"image-box.default\">\n\t\t\t\t<div class=\"elementor-widget-container\">\n\t\t\t\t\t<div class=\"elementor-image-box-wrapper\"><figure class=\"elementor-image-box-img\"><img loading=\"lazy\" decoding=\"async\" width=\"100\" height=\"100\" src=\"https:\/\/i0.wp.com\/prodiktion.com\/wp-content\/uploads\/paid_s-1.png?fit=100%2C100&amp;ssl=1\" class=\"elementor-animation-grow attachment-full size-full wp-image-61649\" alt=\"\" \/><\/figure><div class=\"elementor-image-box-content\"><h3 class=\"elementor-image-box-title\">Publicit\u00e9 par recherche pay\u00e9e<\/h3><p class=\"elementor-image-box-description\">Les annonces payantes sur Google AdWords peuvent vous aider \u00e0 atteindre de nouveaux clients.<\/p><\/div><\/div>\t\t\t\t<\/div>\n\t\t\t\t<\/div>\n\t\t\t\t\t<\/div>\n\t\t<\/div>\n\t\t\t\t\t<\/div>\n\t\t<\/section>\n\t\t\t\t<section class=\"elementor-section elementor-top-section elementor-element elementor-element-7671ea3e elementor-section-boxed elementor-section-height-default elementor-section-height-default\" data-id=\"7671ea3e\" data-element_type=\"section\" data-settings=\"{&quot;background_background&quot;:&quot;classic&quot;}\">\n\t\t\t\t\t\t\t<div class=\"elementor-background-overlay\"><\/div>\n\t\t\t\t\t\t\t<div class=\"elementor-container elementor-column-gap-default\">\n\t\t\t\t\t<div class=\"elementor-column elementor-col-100 elementor-top-column elementor-element elementor-element-1fc6a7c5\" data-id=\"1fc6a7c5\" data-element_type=\"column\">\n\t\t\t<div class=\"elementor-widget-wrap elementor-element-populated\">\n\t\t\t\t\t\t<div class=\"elementor-element elementor-element-6911fe0e elementor-invisible elementor-widget elementor-widget-heading\" data-id=\"6911fe0e\" data-element_type=\"widget\" data-settings=\"{&quot;_animation&quot;:&quot;fadeIn&quot;}\" data-widget_type=\"heading.default\">\n\t\t\t\t<div class=\"elementor-widget-container\">\n\t\t\t\t\t<h2 class=\"elementor-heading-title elementor-size-default\">parlons-en.<\/h2>\t\t\t\t<\/div>\n\t\t\t\t<\/div>\n\t\t\t\t<div class=\"elementor-element elementor-element-4669e243 elementor-invisible elementor-widget elementor-widget-text-editor\" data-id=\"4669e243\" data-element_type=\"widget\" data-settings=\"{&quot;_animation&quot;:&quot;fadeIn&quot;}\" data-widget_type=\"text-editor.default\">\n\t\t\t\t<div class=\"elementor-widget-container\">\n\t\t\t\t\t\t\t\t\t<p>De nos jours, le marketing des m\u00e9dias sociaux est le moyen le plus rapide d'atteindre vos clients. Pourquoi ne pas suivre la tendance ? <\/p>\t\t\t\t\t\t\t\t<\/div>\n\t\t\t\t<\/div>\n\t\t\t\t<div class=\"elementor-element elementor-element-7093180 elementor-invisible elementor-widget elementor-widget-button\" data-id=\"7093180\" data-element_type=\"widget\" data-settings=\"{&quot;_animation&quot;:&quot;fadeIn&quot;,&quot;_animation_delay&quot;:500}\" data-widget_type=\"button.default\">\n\t\t\t\t<div class=\"elementor-widget-container\">\n\t\t\t\t\t\t\t\t\t<div class=\"elementor-button-wrapper\">\n\t\t\t\t\t<a class=\"elementor-button elementor-button-link elementor-size-sm elementor-animation-shrink\" href=\"https:\/\/prodiktion.com\/fr\/contact-us-3\/\">\n\t\t\t\t\t\t<span class=\"elementor-button-content-wrapper\">\n\t\t\t\t\t\t\t\t\t<span class=\"elementor-button-text\">D\u00e9marrer votre projet<\/span>\n\t\t\t\t\t<\/span>\n\t\t\t\t\t<\/a>\n\t\t\t\t<\/div>\n\t\t\t\t\t\t\t\t<\/div>\n\t\t\t\t<\/div>\n\t\t\t\t\t<\/div>\n\t\t<\/div>\n\t\t\t\t\t<\/div>\n\t\t<\/section>\n\t\t\t\t<\/div>","protected":false},"excerpt":{"rendered":"<p>Nos services Marketing des m\u00e9dias sociaux. Une strat\u00e9gie sociale efficace peut vous aider \u00e0 d\u00e9velopper votre activit\u00e9, \u00e0 maintenir votre pr\u00e9sence sociale et \u00e0 vous engager aupr\u00e8s de votre public. D\u00e9marrez votre projet Ce que nous offrons CE QUE NOUS FAISONS ? Nous sommes une agence de services complets. Nos experts en m\u00e9dias sociaux peuvent vous aider \u00e0 d\u00e9finir vos objectifs commerciaux, \u00e0 identifier votre public cible, \u00e0 cr\u00e9er un contenu engageant et digne d'\u00eatre partag\u00e9 et [...]<\/p>","protected":false},"author":2,"featured_media":0,"parent":0,"menu_order":0,"comment_status":"closed","ping_status":"closed","template":"","meta":{"_eb_attr":"","_monsterinsights_skip_tracking":false,"_monsterinsights_sitenote_active":false,"_monsterinsights_sitenote_note":"","_monsterinsights_sitenote_category":0,"footnotes":""},"class_list":["post-61508","page","type-page","status-publish","hentry"],"aioseo_notices":[],"jetpack_sharing_enabled":true,"_links":{"self":[{"href":"https:\/\/prodiktion.com\/fr\/wp-json\/wp\/v2\/pages\/61508","targetHints":{"allow":["GET"]}}],"collection":[{"href":"https:\/\/prodiktion.com\/fr\/wp-json\/wp\/v2\/pages"}],"about":[{"href":"https:\/\/prodiktion.com\/fr\/wp-json\/wp\/v2\/types\/page"}],"author":[{"embeddable":true,"href":"https:\/\/prodiktion.com\/fr\/wp-json\/wp\/v2\/users\/2"}],"replies":[{"embeddable":true,"href":"https:\/\/prodiktion.com\/fr\/wp-json\/wp\/v2\/comments?post=61508"}],"version-history":[{"count":5,"href":"https:\/\/prodiktion.com\/fr\/wp-json\/wp\/v2\/pages\/61508\/revisions"}],"predecessor-version":[{"id":62299,"href":"https:\/\/prodiktion.com\/fr\/wp-json\/wp\/v2\/pages\/61508\/revisions\/62299"}],"wp:attachment":[{"href":"https:\/\/prodiktion.com\/fr\/wp-json\/wp\/v2\/media?parent=61508"}],"curies":[{"name":"wp","href":"https:\/\/api.w.org\/{rel}","templated":true}]}}